{"id":7238,"date":"2014-08-18T23:21:42","date_gmt":"2014-08-19T02:21:42","guid":{"rendered":"http:\/\/portalroberiodeogum.com.br\/?page_id=7238"},"modified":"2014-08-20T12:01:10","modified_gmt":"2014-08-20T15:01:10","slug":"horoscopo-dos-orixas-2","status":"publish","type":"page","link":"http:\/\/portalroberiodeogum.com.br\/mc_2019\/index.php\/horoscopo-dos-orixas-2\/","title":{"rendered":"Hor\u00f3scopo dos Orixas"},"content":{"rendered":"<table border=\"2\" bgcolor=\"blueocean\">\n<tbody>\n<tr>\n<td>\n<h3>No hor\u00f3scopo dos Orix\u00e1s, n\u00e3o e preciso ter nascido no m\u00eas de um Orix\u00e1 para ser filho dele. No m\u00eas do Orix\u00e1, o filho o protegido se prepara espiritualmente para receber prote\u00e7\u00e3o o ano todo. E bom saber ao certo o santo de cada dia.<\/h3>\n<p>&nbsp;<\/p>\n<table border=\"2\">\n<tbody>\n<tr>\n<td>\n<h1 align=\"justify\"><span class=\"_5yl5\" style=\"color: #ff0000;\" data-reactid=\".2q.$mid=11408481810312=258a11e2f32e5df5280.2:0.0.0.0.0\">Janeiro Ox\u00f3ssis<\/span><\/h1>\n<\/td>\n<\/tr>\n<tr>\n<td>\n<h1 style=\"color: #000000;\" align=\"justify\"><\/h1>\n<h1 style=\"color: #000000;\" align=\"justify\"><img decoding=\"async\" class=\"alignleft wp-image-4890 size-medium\" src=\"http:\/\/portalroberiodeogum.com.br\/wp-content\/uploads\/2013\/04\/Oxossi2-e1408483749166-185x150.jpg\" alt=\"Oxossi2\" width=\"185\" height=\"150\" \/><\/h1>\n<h3 style=\"color: #000000;\" align=\"justify\">20 de Agosto de 2014.<\/h3>\n<p>Acreditar na vida, superar as dificuldades se desapegar das coisas materiais, cuidar do seu esp\u00edrito, alimentar sua alma, faz parte do seu carma.<\/p>\n<p>Hoje voc\u00ea pode resolver problemas de justi\u00e7a, Ox\u00f3ssis emana for\u00e7as para positivas tamb\u00e9m para o amor, se aproxime da pessoa que gosta, sem nada exigie.<\/p>\n<p>Acenda uma vela de cor verde durante o dia, e ofere\u00e7a para Ox\u00f3ssis, reze 3 salve rainha, 2 pai nosso. cor verde.<\/td>\n<\/tr>\n<\/tbody>\n<tbody>\n<tr>\n<td>\n<h1><span class=\"_5yl5\" style=\"color: #ff0000;\" data-reactid=\".2q.$mid=11408481989270=2f598d581d49e81ee14.2:0.0.0.0.0\">Fevereiro Yemanj\u00e1<\/span><\/h1>\n<\/td>\n<\/tr>\n<tr>\n<td>\n<h1><span class=\"_5yl5\" style=\"color: #00ccff;\" data-reactid=\".2q.$mid=11408481989270=2f598d581d49e81ee14.2:0.0.0.0.0\">\u00a0\u00a0<\/span><\/h1>\n<p><a href=\"http:\/\/portalroberiodeogum.com.br\/wp-content\/uploads\/2014\/08\/Iemanja.jpg\"><img decoding=\"async\" class=\"alignleft wp-image-7245 \" src=\"http:\/\/portalroberiodeogum.com.br\/wp-content\/uploads\/2014\/08\/Iemanja-e1408483778367-290x150.jpg\" alt=\"Iemanja\" width=\"286\" height=\"148\" \/><\/a><\/p>\n<h4 align=\"justify\">\u00a0 19\/08\/2014 \u00a0 Ax\u00e9 aos filhos d Yemanj\u00e1.<\/h4>\n<h4>Hoje e bom para vender e comprar imoveis,acredite no amor, se aproxime mais de quem ama, um banho de sal grosso vai fazer bem para seu esp\u00edrito.<\/h4>\n<h4 align=\"justify\"><\/h4>\n<h4>Dica: cor azul para se usar hoje, evitar comer carne vermelha.<\/h4>\n<\/td>\n<\/tr>\n<\/tbody>\n<tbody>\n<tr>\n<td>\n<h1><span class=\"_5yl5\" style=\"color: #ff0000;\" data-reactid=\".2q.$mid=11408481989270=2f598d581d49e81ee14.2:0.0.0.0.0\">Mar\u00e7o Ex\u00fa<\/span><\/h1>\n<\/td>\n<\/tr>\n<tr>\n<td>\n<h1><span class=\"_5yl5\" data-reactid=\".2q.$mid=11408481989270=2f598d581d49e81ee14.2:0.0.0.0.0\"><a href=\"http:\/\/portalroberiodeogum.com.br\/wp-content\/uploads\/2014\/08\/Exu.jpg\"><img decoding=\"async\" class=\"alignleft wp-image-7174 size-medium\" src=\"http:\/\/portalroberiodeogum.com.br\/wp-content\/uploads\/2014\/08\/Exu-240x150.jpg\" alt=\"Exu\" width=\"240\" height=\"150\" \/><\/a><\/span><\/h1>\n<h1><\/h1>\n<h2><span class=\"_5yl5\" style=\"color: #00ccff;\" data-reactid=\".2q.$mid=11408481989270=2f598d581d49e81ee14.2:0.0.0.0.0\">Ax\u00e9 \u2026..<\/span><\/h2>\n<h3 align=\"justify\">19\/08\/14<\/h3>\n<h3 align=\"justify\">Dia bom para os protegidos por EX\u00da, as vibra\u00e7\u00f4es para a vida profissional pode abrir caminhos para conseguir o emprego que procura. No amor tenha mais paci\u00eancia com a pessoa amada, nada de exesso de ciumes.<\/h3>\n<h5>Dica: cor vermelho, evite bebida de alcool, hoje.<\/h5>\n<\/td>\n<\/tr>\n<\/tbody>\n<tbody>\n<tr>\n<td>\n<h1><span class=\"_5yl5\" style=\"color: #ff0000;\" data-reactid=\".2q.$mid=11408481989270=2f598d581d49e81ee14.2:0.0.0.0.0\">Abril \u00a0Ogum<\/span><\/h1>\n<\/td>\n<\/tr>\n<tr>\n<td>\n<h4><span class=\"_5yl5\" style=\"color: #00ccff;\" data-reactid=\".2q.$mid=11408481989270=2f598d581d49e81ee14.2:0.0.0.0.0\">&#8220;Que \u00a0o senhor \u00a0OGUM corte com sua espada todo o mal \u00a0que possa cair sobre sua cabe\u00e7a&#8221;<\/span><\/h4>\n<h1><img loading=\"lazy\" decoding=\"async\" class=\"alignleft wp-image-6145 size-medium\" src=\"http:\/\/portalroberiodeogum.com.br\/wp-content\/uploads\/2013\/10\/OGUM-177x150.jpg\" alt=\"OGUM\" width=\"177\" height=\"150\" \/><\/h1>\n<h1><\/h1>\n<h3 align=\"justify\">Dia positivo para os filhos deste Orix\u00e1.Receber contas, quebrar demandas, n\u00e3o deixe nada te iritar neste dia.<\/h3>\n<p>&nbsp;<\/p>\n<p>&nbsp;<\/p>\n<h5>Dica: cor azul e vermelha, numero de sorte 87-4-53.<\/h5>\n<\/td>\n<\/tr>\n<\/tbody>\n<tbody>\n<tr>\n<td>\n<h1><span class=\"_5yl5\" style=\"color: #ff0000;\" data-reactid=\".2q.$mid=11408481989270=2f598d581d49e81ee14.2:0.0.0.0.0\">Maio Iab\u00e1s<\/span><\/h1>\n<\/td>\n<\/tr>\n<tr>\n<td>\n<h4><a href=\"http:\/\/portalroberiodeogum.com.br\/wp-content\/uploads\/2014\/08\/orixa-8.jpg\"><img loading=\"lazy\" decoding=\"async\" class=\"alignleft wp-image-7276\" src=\"http:\/\/portalroberiodeogum.com.br\/wp-content\/uploads\/2014\/08\/orixa-8-203x150.jpg\" alt=\"orixa-8\" width=\"203\" height=\"150\" \/><\/a><\/h4>\n<h3 align=\"justify\">Texto: Para as filhas e filhos desta Iab\u00e1, positivo para o amor, de mais aten\u00e7\u00e3o a quem ama, para os casados elogie mais quem voc\u00ea ama, para os solteiro dia bom para conquistarquem ama.<\/h3>\n<h5><\/h5>\n<h5><\/h5>\n<h5><\/h5>\n<h5>Dica:<\/h5>\n<\/td>\n<\/tr>\n<\/tbody>\n<tbody>\n<tr>\n<td>\n<h1><span class=\"_5yl5\" style=\"color: #ff0000;\" data-reactid=\".2q.$mid=11408481989270=2f598d581d49e81ee14.2:0.0.0.0.0\">Junho Xang\u00f4<\/span><\/h1>\n<\/td>\n<\/tr>\n<tr>\n<td><a href=\"http:\/\/portalroberiodeogum.com.br\/wp-content\/uploads\/2013\/09\/Xango1.jpg\"><img loading=\"lazy\" decoding=\"async\" class=\"alignleft wp-image-5987 size-medium\" src=\"http:\/\/portalroberiodeogum.com.br\/wp-content\/uploads\/2013\/09\/Xango1-290x150.jpg\" alt=\"Xango\" width=\"290\" height=\"150\" \/><\/a><\/p>\n<h3 align=\"justify\">Acredite mais em voc\u00ea, dia positivo para investir mais em voc\u00ea, cuidar da sua vaidade, se aproximar mais de quem ama, de aten\u00e7\u00e3o a sua sa\u00fade.<\/h3>\n<p>&nbsp;<\/p>\n<h5><\/h5>\n<h5><\/h5>\n<h5>Dica: cor amarela, vermelha, numero de sorte 76-43-5-8.<\/h5>\n<\/td>\n<\/tr>\n<\/tbody>\n<tbody>\n<tr>\n<td>\n<h1><span class=\"_5yl5\" style=\"color: #ff0000;\" data-reactid=\".2q.$mid=11408481989270=2f598d581d49e81ee14.2:0.0.0.0.0\">Julho Nan\u00e3.<\/span><\/h1>\n<\/td>\n<\/tr>\n<tr>\n<td>\n<h1><a href=\"http:\/\/portalroberiodeogum.com.br\/wp-content\/uploads\/2013\/09\/NAN\u00c2.jpg\"><img loading=\"lazy\" decoding=\"async\" class=\"alignleft wp-image-6009 size-medium\" src=\"http:\/\/portalroberiodeogum.com.br\/wp-content\/uploads\/2013\/09\/NAN\u00c2-290x150.jpg\" alt=\"NAN\u00c2\" width=\"290\" height=\"150\" \/><\/a><\/h1>\n<h3 align=\"justify\">Pense mais antes de falar, se concentre mais na sua vida profissional, carregue com voc\u00ea um galho de aruda para afastar as invejas.<\/h3>\n<h1><\/h1>\n<h5><\/h5>\n<h5><\/h5>\n<h5>Dica:<\/h5>\n<\/td>\n<\/tr>\n<\/tbody>\n<tbody>\n<tr>\n<td>\n<h1><span class=\"_5yl5\" style=\"color: #ff0000;\" data-reactid=\".2q.$mid=11408481989270=2f598d581d49e81ee14.2:0.0.0.0.0\">Agosto OBALUA\u00ca<\/span><\/h1>\n<\/td>\n<\/tr>\n<tr>\n<td>\n<h1><span class=\"_5yl5\" style=\"color: #00ccff;\" data-reactid=\".2q.$mid=11408481989270=2f598d581d49e81ee14.2:0.0.0.0.0\"><a href=\"http:\/\/portalroberiodeogum.com.br\/wp-content\/uploads\/2012\/09\/Obaluai\u00ea.jpg\"><img loading=\"lazy\" decoding=\"async\" class=\"alignleft wp-image-2026 size-medium\" src=\"http:\/\/portalroberiodeogum.com.br\/wp-content\/uploads\/2012\/09\/Obaluai\u00ea-290x150.jpg\" alt=\"Obaluai\u00ea\" width=\"290\" height=\"150\" \/><\/a><\/span><\/h1>\n<h3 align=\"justify\">Tenha mais aten\u00e7\u00e3o ao dirigir, se concentre mais no seu trabalho.<\/h3>\n<h1><\/h1>\n<h5><\/h5>\n<h5><\/h5>\n<h5>Dica:<\/h5>\n<\/td>\n<\/tr>\n<\/tbody>\n<tbody>\n<tr>\n<td>\n<h1><span class=\"_5yl5\" style=\"color: #ff0000;\" data-reactid=\".2q.$mid=11408481989270=2f598d581d49e81ee14.2:0.0.0.0.0\">Setembro IBEGI\u00a0<\/span><\/h1>\n<\/td>\n<\/tr>\n<tr>\n<td>\n<h1><span class=\"_5yl5\" style=\"color: #00ccff;\" data-reactid=\".2q.$mid=11408481989270=2f598d581d49e81ee14.2:0.0.0.0.0\"><a href=\"http:\/\/portalroberiodeogum.com.br\/wp-content\/uploads\/2014\/08\/ibejis.jpg\"><img loading=\"lazy\" decoding=\"async\" class=\"alignleft wp-image-7243 size-medium\" src=\"http:\/\/portalroberiodeogum.com.br\/wp-content\/uploads\/2014\/08\/ibejis-276x150.jpg\" alt=\"ibejis\" width=\"276\" height=\"150\" \/><\/a><\/span><\/h1>\n<h3 align=\"justify\">Momento importante para pensar na vida profissional se desfazer deste extress, se empenhar mais negociar insistir para uma promo\u00e7\u00e3o profissional.<\/h3>\n<h1><\/h1>\n<h5><\/h5>\n<h5><\/h5>\n<h5>Dica:<\/h5>\n<\/td>\n<\/tr>\n<\/tbody>\n<tbody>\n<tr>\n<td>\n<h1><span class=\"_5yl5\" style=\"color: #ff0000;\" data-reactid=\".2q.$mid=11408481989270=2f598d581d49e81ee14.2:0.0.0.0.0\">Outubro Ossanha<\/span><\/h1>\n<\/td>\n<\/tr>\n<tr>\n<td>\n<h1><a href=\"http:\/\/portalroberiodeogum.com.br\/wp-content\/uploads\/2014\/08\/8-ossain.jpg\"><img loading=\"lazy\" decoding=\"async\" class=\"alignleft wp-image-7279 size-medium\" src=\"http:\/\/portalroberiodeogum.com.br\/wp-content\/uploads\/2014\/08\/8-ossain-290x150.jpg\" alt=\"8 ossain\" width=\"290\" height=\"150\" \/><\/a><\/h1>\n<h3 align=\"justify\">Dia positivo para o amor, procure se entender-se com a pessoa amada, nada de excesso de ci\u00fames.<\/h3>\n<h1><\/h1>\n<h5><\/h5>\n<h5><\/h5>\n<h5>Dica: cor branca e azul. numero de sorte. 65-86-3-7.<\/h5>\n<\/td>\n<\/tr>\n<\/tbody>\n<tbody>\n<tr>\n<td>\n<h1><span class=\"_5yl5\" style=\"color: #ff0000;\" data-reactid=\".2q.$mid=11408481989270=2f598d581d49e81ee14.2:0.0.0.0.0\">Novembro Ians\u00e3.<\/span><\/h1>\n<\/td>\n<\/tr>\n<tr>\n<td>\n<h3 align=\"justify\"><a href=\"http:\/\/portalroberiodeogum.com.br\/wp-content\/uploads\/2013\/09\/IANSA.jpg\"><img loading=\"lazy\" decoding=\"async\" class=\"alignleft wp-image-6030 size-medium\" src=\"http:\/\/portalroberiodeogum.com.br\/wp-content\/uploads\/2013\/09\/IANSA-290x150.jpg\" alt=\"IANSA\" width=\"290\" height=\"150\" \/><\/a>Com persist\u00eancia os filhos desta Iab\u00e1 alcan\u00e7aram o que desejam profissionalmente, dia positivo para o trabalho, compra e venda de im\u00f3vel.<\/h3>\n<h5><\/h5>\n<h5><\/h5>\n<h5><\/h5>\n<h5>Dica: numero de sorte 76-46=54=3.<\/h5>\n<\/td>\n<\/tr>\n<\/tbody>\n<tbody>\n<tr>\n<td>\n<h1><span class=\"_5yl5\" style=\"color: #ff0000;\" data-reactid=\".2q.$mid=11408481989270=2f598d581d49e81ee14.2:0.0.0.0.0\">Dezembro \u00a0Oxal\u00e1 e Oxum<\/span><\/h1>\n<\/td>\n<\/tr>\n<tr>\n<td>\n<h4><span class=\"_5yl5\" data-reactid=\".2q.$mid=11408481989270=2f598d581d49e81ee14.2:0.0.0.0.0\"><a href=\"http:\/\/portalroberiodeogum.com.br\/wp-content\/uploads\/2014\/08\/Exu.jpg\"><img loading=\"lazy\" decoding=\"async\" class=\"alignleft wp-image-7174\" src=\"http:\/\/portalroberiodeogum.com.br\/wp-content\/uploads\/2014\/08\/Exu-240x150.jpg\" alt=\"Exu\" width=\"114\" height=\"71\" \/><\/a><\/span><\/h4>\n<h3 align=\"justify\">Bom para passeios, positivo para o amor ent\u00e3o convide a pessoa amada para um cinema, um teatro, passeio.<\/h3>\n<h3 align=\"justify\">Acenda uma vela branca de 7 dias, num prato branco com um pouco de \u00e1gua fervida com arruda para afastar invejosos.<\/h3>\n<h4><a href=\"http:\/\/portalroberiodeogum.com.br\/wp-content\/uploads\/2013\/04\/oxala1.jpg\"><img loading=\"lazy\" decoding=\"async\" class=\"alignleft wp-image-4816\" src=\"http:\/\/portalroberiodeogum.com.br\/wp-content\/uploads\/2013\/04\/oxala1-290x150.jpg\" alt=\"oxala\" width=\"122\" height=\"63\" \/><\/a><\/h4>\n<h4><\/h4>\n<h5><\/h5>\n<h5>Dica: cor amarelo, azul e branco. numero 76-3-7-56.<\/h5>\n<\/td>\n<\/tr>\n<\/tbody>\n<\/table>\n<\/td>\n<\/tr>\n<\/tbody>\n<\/table>\n","protected":false},"excerpt":{"rendered":"<p>No hor\u00f3scopo dos Orix\u00e1s, n\u00e3o e preciso ter nascido no m\u00eas de um Orix\u00e1 para ser filho dele. No m\u00eas do Orix\u00e1, o filho o [&hellip;]<\/p>\n","protected":false},"author":2,"featured_media":7241,"parent":0,"menu_order":0,"comment_status":"closed","ping_status":"closed","template":"","meta":{"footnotes":""},"_links":{"self":[{"href":"http:\/\/portalroberiodeogum.com.br\/mc_2019\/index.php\/wp-json\/wp\/v2\/pages\/7238"}],"collection":[{"href":"http:\/\/portalroberiodeogum.com.br\/mc_2019\/index.php\/wp-json\/wp\/v2\/pages"}],"about":[{"href":"http:\/\/portalroberiodeogum.com.br\/mc_2019\/index.php\/wp-json\/wp\/v2\/types\/page"}],"author":[{"embeddable":true,"href":"http:\/\/portalroberiodeogum.com.br\/mc_2019\/index.php\/wp-json\/wp\/v2\/users\/2"}],"replies":[{"embeddable":true,"href":"http:\/\/portalroberiodeogum.com.br\/mc_2019\/index.php\/wp-json\/wp\/v2\/comments?post=7238"}],"version-history":[{"count":33,"href":"http:\/\/portalroberiodeogum.com.br\/mc_2019\/index.php\/wp-json\/wp\/v2\/pages\/7238\/revisions"}],"predecessor-version":[{"id":7324,"href":"http:\/\/portalroberiodeogum.com.br\/mc_2019\/index.php\/wp-json\/wp\/v2\/pages\/7238\/revisions\/7324"}],"wp:featuredmedia":[{"embeddable":true,"href":"http:\/\/portalroberiodeogum.com.br\/mc_2019\/index.php\/wp-json\/wp\/v2\/media\/7241"}],"wp:attachment":[{"href":"http:\/\/portalroberiodeogum.com.br\/mc_2019\/index.php\/wp-json\/wp\/v2\/media?parent=7238"}],"curies":[{"name":"wp","href":"https:\/\/api.w.org\/{rel}","templated":true}]}}