{"id":477,"date":"2012-08-27T18:40:23","date_gmt":"2012-08-27T18:40:23","guid":{"rendered":"http:\/\/portalroberiodeogum.com.br\/?page_id=477"},"modified":"2019-11-29T21:50:44","modified_gmt":"2019-11-30T00:50:44","slug":"chico-xavier","status":"publish","type":"page","link":"http:\/\/portalroberiodeogum.com.br\/mc_2019\/index.php\/home\/idolos-2\/chico-xavier\/","title":{"rendered":"Chico Xavier"},"content":{"rendered":"\t\t<div data-elementor-type=\"wp-page\" data-elementor-id=\"477\" class=\"elementor elementor-477\">\n\t\t\t\t\t\t<section class=\"elementor-section elementor-top-section elementor-element elementor-element-7b4b8a6d elementor-section-boxed elementor-section-height-default elementor-section-height-default\" data-id=\"7b4b8a6d\" data-element_type=\"section\">\n\t\t\t\t\t\t<div class=\"elementor-container elementor-column-gap-default\">\n\t\t\t\t\t<div class=\"elementor-column elementor-col-100 elementor-top-column elementor-element elementor-element-74f7424b\" data-id=\"74f7424b\" data-element_type=\"column\">\n\t\t\t<div class=\"elementor-widget-wrap elementor-element-populated\">\n\t\t\t\t\t\t<div class=\"elementor-element elementor-element-10723d6b elementor-widget elementor-widget-text-editor\" data-id=\"10723d6b\" data-element_type=\"widget\" data-widget_type=\"text-editor.default\">\n\t\t\t\t<div class=\"elementor-widget-container\">\n\t\t\t\t\t\t\t<p><a href=\"http:\/\/portalroberiodeogum.com.br\/wp-content\/uploads\/2012\/08\/chico_xavier.jpg\"><img fetchpriority=\"high\" decoding=\"async\" class=\"alignleft size-full wp-image-478 alignnone\" title=\"chico_xavier\" src=\"http:\/\/portalroberiodeogum.com.br\/wp-content\/uploads\/2012\/08\/chico_xavier.jpg\" alt=\"\" width=\"300\" height=\"404\" \/><\/a>Muitas vezes em aula, quando crian\u00e7a, ouvia vozes dos esp\u00edritos ou sentia m\u00e3os sobre as minhas m\u00e3os que eu senti vivas, guiando meus movimentos de escrita, sem que os outros as vissem. Isso me criava muitos constrangimentos.<\/p><p><strong>Chico Xavier falando sobre a descoberta de seu dom<\/strong><\/p><h2>Mensagem de Rob\u00e9rio de Ogum<\/h2><p>Na revista Isto \u00c9 na data da morte de Chico Xavier<br \/>No programa Falando Francamente com Sonia Abr\u00e3o<\/p><pre><span style=\"color: #ffffff;\"><strong>Um Homem Chamado AMOR<\/strong><\/span><\/pre><pre><span style=\"color: #ffffff;\"> Hoje o esp\u00edrito tirou a roupa dos mortais, a carca\u00e7a humana.\n Se fez leve como a pluma, subiu em dire\u00e7\u00e3o aos c\u00e9us.\n E o c\u00e9u em gratid\u00e3o a ele o aguardava em festa.\n E na terra muitos que em voc\u00ea se espelharam, se desesperavam.\n E voc\u00ea viajava a viagem dos eternos, nada levava na sua bagagem.\n Na terra clamavam por Emano, a voz do esp\u00edrito se calou.\n No respeito do sel\u00eanio no sentimento da perda, no corpo frio e calado.\n Era o fim de um karma que unia o c\u00e9u e a terra, numa forma simples.\n A caneta o papel a m\u00e3o a incorpora\u00e7\u00e3o, ambos desvendavam os mist\u00e9rios da morte.\n Descobriram coisas incr\u00edveis Que DEUS preparava um novo dia enquanto o homem dormia.\n A quem pertence este corpo a terra ou aos esp\u00edritos.\n Quem escreveu 482 livros a m\u00e3o do homem, ou a do esp\u00edrito.\n Quem inspirou quem o homem o esp\u00edrito, ou o esp\u00edrito o homem.\n Quem serviu quem a m\u00e3o do homem que escreveu ou a do esp\u00edrito que a conduziu.\n Quem foi quem?\n Emano o mensageiro dos c\u00e9us!\n Chico Xavier um homem chamado amor, dominado, criado, guiado.\n Pelos esp\u00edritos mensageiros de DEUS.\n\n Escrita por Roberio de Ogum 02\/07\/2002 \u00e0s 2:00 horas\n\n Homenagem a quem ao seu ver, significa para humanidade um homem chamado amor seu \u00eddolo imortal \n (o maior m\u00e9dium do mundo).<\/span><\/pre>\t\t\t\t\t\t<\/div>\n\t\t\t\t<\/div>\n\t\t\t\t\t<\/div>\n\t\t<\/div>\n\t\t\t\t\t<\/div>\n\t\t<\/section>\n\t\t\t\t<\/div>\n\t\t","protected":false},"excerpt":{"rendered":"<p>Muitas vezes em aula, quando crian\u00e7a, ouvia vozes dos esp\u00edritos ou sentia m\u00e3os sobre as minhas m\u00e3os que eu senti vivas, guiando meus movimentos de [&hellip;]<\/p>\n","protected":false},"author":1,"featured_media":0,"parent":16,"menu_order":0,"comment_status":"open","ping_status":"open","template":"elementor_header_footer","meta":{"footnotes":""},"_links":{"self":[{"href":"http:\/\/portalroberiodeogum.com.br\/mc_2019\/index.php\/wp-json\/wp\/v2\/pages\/477"}],"collection":[{"href":"http:\/\/portalroberiodeogum.com.br\/mc_2019\/index.php\/wp-json\/wp\/v2\/pages"}],"about":[{"href":"http:\/\/portalroberiodeogum.com.br\/mc_2019\/index.php\/wp-json\/wp\/v2\/types\/page"}],"author":[{"embeddable":true,"href":"http:\/\/portalroberiodeogum.com.br\/mc_2019\/index.php\/wp-json\/wp\/v2\/users\/1"}],"replies":[{"embeddable":true,"href":"http:\/\/portalroberiodeogum.com.br\/mc_2019\/index.php\/wp-json\/wp\/v2\/comments?post=477"}],"version-history":[{"count":23,"href":"http:\/\/portalroberiodeogum.com.br\/mc_2019\/index.php\/wp-json\/wp\/v2\/pages\/477\/revisions"}],"predecessor-version":[{"id":17795,"href":"http:\/\/portalroberiodeogum.com.br\/mc_2019\/index.php\/wp-json\/wp\/v2\/pages\/477\/revisions\/17795"}],"up":[{"embeddable":true,"href":"http:\/\/portalroberiodeogum.com.br\/mc_2019\/index.php\/wp-json\/wp\/v2\/pages\/16"}],"wp:attachment":[{"href":"http:\/\/portalroberiodeogum.com.br\/mc_2019\/index.php\/wp-json\/wp\/v2\/media?parent=477"}],"curies":[{"name":"wp","href":"https:\/\/api.w.org\/{rel}","templated":true}]}}