{"id":435,"date":"2012-08-27T15:57:57","date_gmt":"2012-08-27T15:57:57","guid":{"rendered":"http:\/\/portalroberiodeogum.com.br\/?page_id=435"},"modified":"2019-11-29T20:01:47","modified_gmt":"2019-11-29T23:01:47","slug":"jesus-cristo","status":"publish","type":"page","link":"http:\/\/portalroberiodeogum.com.br\/mc_2019\/index.php\/home\/idolos-2\/jesus-cristo\/","title":{"rendered":"Jesus Cristo"},"content":{"rendered":"<p><a href=\"http:\/\/portalroberiodeogum.com.br\/wp-content\/uploads\/2012\/08\/jesus-cristo-c\u00f3pia.jpg\"><img fetchpriority=\"high\" decoding=\"async\" class=\"size-full wp-image-438 alignleft\" title=\"jesus-cristo c\u00f3pia\" src=\"http:\/\/portalroberiodeogum.com.br\/wp-content\/uploads\/2012\/08\/jesus-cristo-c\u00f3pia.jpg\" alt=\"\" width=\"300\" height=\"404\" \/><\/a><\/p>\n<pre><span style=\"color: #ffffff;\"><strong><em> Um dia, numa Conversa Franca. Ele me falou<\/em><\/strong>\n <em><strong>Eu sou o Arquiteto da tua Exist\u00eancia<\/strong><\/em>\n <em><strong>Criei em ti a Mat\u00e9ria e o Esp\u00edrito<\/strong><\/em>\n <em><strong>Constru\u00ed o Mundo, te dei Sentidos<\/strong><\/em>\n <em><strong>Atrav\u00e9s do Esp\u00edrito, a Intui\u00e7\u00e3o<\/strong><\/em>\n <em><strong>Da Mat\u00e9ria, o C\u00e9rebro<\/strong><\/em>\n <em><strong>Fiz-te ser Raz\u00e3o e Emo\u00e7\u00e3o<\/strong><\/em>\n <em><strong>Dei-te o Mundo para uma viagem de turismo<\/strong><\/em>\n <em><strong>E a casa do Pai para sua moradia eterna<\/strong><\/em>\n <em><strong>O livre arb\u00edtrio para mudares teu destino<\/strong><\/em>\n <em><strong>O perd\u00e3o do Pai para te redimir dos teus erros<\/strong><\/em>\n <em><strong>Ensinaram-te as palavras, mas Eu te dei o som.<\/strong><\/em>\n <em><strong>Ensinaram-te a andar, mas Eu te mostrei o caminho<\/strong><\/em>\n <em><strong>E este caminho te levar\u00e1s a Mim e ao Pai<\/strong><\/em>\n <em><strong>E eu te receberei em Esp\u00edrito<\/strong><\/em>\n <em><strong>Para viveres eternamente ao lado do Pai.<\/strong><\/em>\n <em><strong>PSICOGRAFADA POR ROBERIO DE OGUM<\/strong><\/em><\/span><\/pre>\n","protected":false},"excerpt":{"rendered":"<p>Um dia, numa Conversa Franca. Ele me falou Eu sou o Arquiteto da tua Exist\u00eancia Criei em ti a Mat\u00e9ria e o Esp\u00edrito Constru\u00ed o [&hellip;]<\/p>\n","protected":false},"author":1,"featured_media":0,"parent":16,"menu_order":0,"comment_status":"open","ping_status":"open","template":"template-full-width.php","meta":{"footnotes":""},"_links":{"self":[{"href":"http:\/\/portalroberiodeogum.com.br\/mc_2019\/index.php\/wp-json\/wp\/v2\/pages\/435"}],"collection":[{"href":"http:\/\/portalroberiodeogum.com.br\/mc_2019\/index.php\/wp-json\/wp\/v2\/pages"}],"about":[{"href":"http:\/\/portalroberiodeogum.com.br\/mc_2019\/index.php\/wp-json\/wp\/v2\/types\/page"}],"author":[{"embeddable":true,"href":"http:\/\/portalroberiodeogum.com.br\/mc_2019\/index.php\/wp-json\/wp\/v2\/users\/1"}],"replies":[{"embeddable":true,"href":"http:\/\/portalroberiodeogum.com.br\/mc_2019\/index.php\/wp-json\/wp\/v2\/comments?post=435"}],"version-history":[{"count":26,"href":"http:\/\/portalroberiodeogum.com.br\/mc_2019\/index.php\/wp-json\/wp\/v2\/pages\/435\/revisions"}],"predecessor-version":[{"id":17755,"href":"http:\/\/portalroberiodeogum.com.br\/mc_2019\/index.php\/wp-json\/wp\/v2\/pages\/435\/revisions\/17755"}],"up":[{"embeddable":true,"href":"http:\/\/portalroberiodeogum.com.br\/mc_2019\/index.php\/wp-json\/wp\/v2\/pages\/16"}],"wp:attachment":[{"href":"http:\/\/portalroberiodeogum.com.br\/mc_2019\/index.php\/wp-json\/wp\/v2\/media?parent=435"}],"curies":[{"name":"wp","href":"https:\/\/api.w.org\/{rel}","templated":true}]}}