{"id":2300,"date":"2012-09-25T13:35:29","date_gmt":"2012-09-25T13:35:29","guid":{"rendered":"http:\/\/portalroberiodeogum.com.br\/?page_id=2300"},"modified":"2019-11-29T21:47:19","modified_gmt":"2019-11-30T00:47:19","slug":"biografia-2","status":"publish","type":"page","link":"http:\/\/portalroberiodeogum.com.br\/mc_2019\/index.php\/home\/biografia-2\/","title":{"rendered":"Biografia"},"content":{"rendered":"\t\t<div data-elementor-type=\"wp-page\" data-elementor-id=\"2300\" class=\"elementor elementor-2300\">\n\t\t\t\t\t\t<section class=\"elementor-section elementor-top-section elementor-element elementor-element-743b7be0 elementor-section-boxed elementor-section-height-default elementor-section-height-default\" data-id=\"743b7be0\" data-element_type=\"section\">\n\t\t\t\t\t\t<div class=\"elementor-container elementor-column-gap-default\">\n\t\t\t\t\t<div class=\"elementor-column elementor-col-100 elementor-top-column elementor-element elementor-element-5fd12411\" data-id=\"5fd12411\" data-element_type=\"column\">\n\t\t\t<div class=\"elementor-widget-wrap elementor-element-populated\">\n\t\t\t\t\t\t<div class=\"elementor-element elementor-element-3b604af2 elementor-widget elementor-widget-text-editor\" data-id=\"3b604af2\" data-element_type=\"widget\" data-widget_type=\"text-editor.default\">\n\t\t\t\t<div class=\"elementor-widget-container\">\n\t\t\t\t\t\t\t<h2><a style=\"background-color: #000000;\" rel=\"attachment wp-att-2307\"><img fetchpriority=\"high\" decoding=\"async\" class=\"aligncenter\" title=\"destaque_tratado\" src=\"http:\/\/portalroberiodeogum.com.br\/wp-content\/uploads\/2012\/08\/destaque_tratado.jpg\" alt=\"\" width=\"939\" height=\"339\" \/><\/a><\/h2>\n<h2>A historia de Roberio de Ogum e sua trajet\u00f3ria<\/h2>\nNo dia 29 de outubro de 1954, Roberio Alechandre Baveloni, o mais novo dos tr\u00eas filhos de dona Georgina e sr. Alexandre Baveloni, nascia em Itapolis, interior paulista. Em sua inf\u00e2ncia Roberio conviveu com os padres franciscanos: Frei Paulo e Frei Guinelo. Esta convic\u00eancia o fez conhecer a presen\u00e7a Divina,e tambem o fez descobrir Deus como um amigo pr\u00f3ximo da humanidade.\n\nEm outubro de 1960, dia de elei\u00e7\u00f5es, Roberio ent\u00e3o com seis anos de idade, acompanhava sua m\u00e3e at\u00e9 o col\u00e9gio onde ela ia votar. A casa de seus cunhados ficava a poucos quarteir\u00f5es do col\u00e9gio onde dona Georgina votaria, ela decidiu ent\u00e3o, fazer-lhes uma visita .\n\nDona Georgina coversava com sua cunhada e Roberio, como qualquer crian\u00e7a decide ir procurar algo mais interessante a fazer. Seus tios tinham uma serralheria nos fundos da casa, e n\u00e3o demorou muito para o pequeno garoto ir at\u00e9 l\u00e1 para brincar.\n\nRoberio brincava com as sobras de madeira das m\u00e1quinas, que estavam desligadas pois a serralheria estava fechada naquele dia. Entretido na brincadeira, ele subiu em uma das m\u00e1quinas para pegar uma chave de fenda e subtamente as m\u00e1quinas ligam sozinhas e come\u00e7am a funcionar. Com o susto, Roberio caiu em cima de uma das serras de pernas abertas. A serra da m\u00e1quina atingiu seu \u00f3rg\u00e3o genital e a parte interna da coxa, ferindo-o gravemente. O garoto apavorado ao ver aquele sangue todo, tenta gritar mas n\u00e3o consegue.\n\nEle entra em desespero. Neste momento ele tem sua primeira vis\u00e3o: uma mulher alta e forte com braceletes de ouro direciona-lhe uma fuma\u00e7a branca, diz a ele \u201cN\u00e3o tenha medo.\u201d, e com a voz firme, ordena: \u201cLevante a cabe\u00e7a!\u201d Ao levant\u00e1-la, ela derrama sobre ele um l\u00edquido que exala um cheiro forte de c\u00e2nfora. Em seguida, direciona sua m\u00e3o ao seu \u00f3rg\u00e3o genital machucado uma luz fina de cor azul e uma fuma\u00e7a vermelha, que v\u00e3o em dire\u00e7\u00e3o ao seu corpo. Depois disso, Roberio v\u00ea a mulher desaparecendo, enquanto seu corpo fica quente e em seguida surge a sua frente um homem, que coloca as m\u00e3os sobre sua cabe\u00e7a . Este homem era o Senhor Ogum. Atr\u00e1s dele, Roberio viu um \u00edndio muito forte que lhe confortava com um sorriso no rosto. Junto dele, a mulher que o havia socorrido ressurgiu, agora cantando descal\u00e7a. Do alto ca\u00edam como flocos de algod\u00e3o, algo como flu\u00eddos curadores. Pouco depois, as vis\u00f5es foram desaparecendo vagarosamente. Roberio, espantou-se ao reparar que n\u00e3o sentia dor, embora visse o sangue abundante. Ent\u00e3o, urinou: provid\u00eancia das entidades para evitar infec\u00e7\u00e3o, e s\u00f3 a\u00ed sentiu dor. O \u00edndio o amparou e Rob\u00e9rio pode caminhar at\u00e9 a casa da sua tia. Ao entrar pela porta da sala, sua m\u00e3e e suas tias o viram todo ensang\u00fcentado e assustadas, puseram-se a chorar. A casa da tia ficava a um quarteir\u00e3o do Hospital de It\u00e1polis, para onde correram.\n<h6><a href=\"http:\/\/portalroberiodeogum.com.br\/teste\/biog\/\" rel=\"attachment wp-att-2311\"><img decoding=\"async\" class=\"alignleft\" title=\"biog\" src=\"http:\/\/portalroberiodeogum.com.br\/wp-content\/uploads\/2012\/09\/biog.jpg\" alt=\"\" width=\"336\" height=\"406\" \/><\/a><\/h6>\n<h6>Foto\u00a0dos dois irm\u00e3os de Roberio, Ubirajara e Claudete, foto\u00a0Roberio quando bebe, seu pai\u00a0Alechandre Baveloni.<\/h6>\nQuando subiram a escada do Hospital, encontram com o Dr. Orozimbro, que imediatamente sugeriu um enxerto. Neste momento Rob\u00e9rio teve outra vis\u00e3o. Novamente o Senhor Ogum, que lhe disse: \u201cN\u00e3o permita que fa\u00e7am isto! N\u00e3o tema. Estou com voc\u00ea\u201d.\nSimultaneamente, Rob\u00e9rio era levado para a sala de cirurgia. Na sala estava a irm\u00e3 Vila Rica, chefe do atendimento do hospital. Ao adentrar na sala, o medo de fazer o enxerto dominava Rob\u00e9rio, que gritava chamando pelo Dr. Lyra do Amaral, m\u00e9dico amigo da fam\u00edlia em quem ele confiava.\n\nComo o Dr. Lyra tamb\u00e9m era pol\u00edtico,e como era o dia da elei\u00e7\u00e3o, ele n\u00e3o estava presente no hospital.\n\nA irm\u00e3 Vila Rica aplicava anestesia em Roberio mas n\u00e3o fazia efeito. Dr. Orozimbro aguardava o efeito da anestesia para iniciar a cirurgia.\n\nRob\u00e9rio, em p\u00e2nico, continuava a gritar pelo Dr. Lyra., e por sua vez, na vis\u00e3o de Roberio o Senhor Ogum pedia para que ele se acalmasse, pois seu m\u00e9dico de confian\u00e7a j\u00e1 estava a caminho. Enquanto isto, irm\u00e3 Vila Rica aplicava novas doses de anestesia, todas sem efeito. O Dr. Orozimbo continuava aguardando o efeito da anestesia para poder dar in\u00edcio ao procedimento cir\u00fargico. A situa\u00e7\u00e3o era at\u00edpica para todos. Ningu\u00e9m compreendia o que estava acontecendo.\n\nRoberio, atordoado, come\u00e7a a relatar o que v\u00ea. Diz \u00e0 sua tia enfermeira Maria Baveloni, e a irm\u00e3 Vila Rica que v\u00ea um \u00edndio e uma mulher com uma luz azul no meio de fuma\u00e7as. Na sua cabe\u00e7a confusa de menino, acredita que foi ela quem o derrubou na serra. Obviamente, come\u00e7aram achar que Rob\u00e9rio estava delirando.\n\nNeste instante, entra o Dr. Lyra do Amaral para fazer a cirurgia. Rob\u00e9rio conforta-se com sua presen\u00e7a e come\u00e7a a conversar com ele.\n\nEnt\u00e3o Rob\u00e9rio afirma que v\u00ea aquela mulher segurar nas m\u00e3os do m\u00e9dico e receava que ela fosse machuc\u00e1-lo.\n\nIrm\u00e3 Vila Rica fala novamente que o menino estava delirando. Neste momento, Senhor Ogum eleva suas m\u00e3os \u00e0 cabe\u00e7a de Rob\u00e9rio e derrama flu\u00eddos que o fazem relaxar e adormecer. Rob\u00e9rio levou trinta e dois pontos. N\u00e3o foi necess\u00e1rio fazer o enxerto. Quando Rob\u00e9rio acordou da cirurgia, sentia muita dor e as vis\u00f5es haviam desaparecido.\n\nNo decorrer da sua recupera\u00e7\u00e3o, quando o menino em sua inoc\u00eancia comentava com as pessoas do hospital sobre o que tinha visto, ninguem o levava a s\u00e9rio. Sua recupera\u00e7\u00e3o foi tranq\u00fcila, ficando logo bem. De todo o epis\u00f3dio, restaram apenas algumas sutis cicatrizes.\n\nAos 7 anos, Roberio torna-se coroinha e ajudante do sacrist\u00e3o Armando, nas celebra\u00e7\u00f5es de missas da Igreja Matriz de It\u00e1polis. Foi inesquec\u00edvel para ele ter se paramentado como coroinha e ajudar a celebrar o casamento do seu irm\u00e3o Ubirajara. Nasceu assim, a vontade ser padre.\n\n<a href=\"http:\/\/portalroberiodeogum.com.br\/teste\/mae_pb\/\" rel=\"attachment wp-att-2324\"><img decoding=\"async\" class=\"alignleft size-full wp-image-2324\" title=\"mae_pb\" src=\"http:\/\/portalroberiodeogum.com.br\/wp-content\/uploads\/2012\/09\/mae_pb.jpg\" alt=\"\" width=\"336\" height=\"391\" \/><\/a>Passado um tempo, chegam \u00e0 It\u00e1polis os Padres Circulares Otimiu e Edenir, que marcaram muito a vida espiritual de Roberio. Ele como coroinha atuante,come\u00e7ou a viajar com os padres para as comarcas de It\u00e1polis, para ajudar a celebrar as missas. Foi um tempo que acendeu nele a consci\u00eancia da grandeza e miseric\u00f3rdia de Deus, fonte da luz e da vida, da harmonia e da paz.\n\nNa primeira vis\u00e3o que teve dentro da igreja de It\u00e1polis, estava com o sacrist\u00e3o Armando preparando as coisas para a missa das nove horas e algu\u00e9m o chamou nas escadas que davam acesso \u00e0 clausura dos padres. Armando pediu que ele visse quem era. Roberio dirigiu-se at\u00e9 l\u00e1, e viu um homem muito alto todo cheio de sangue pedindo para que o menino rezasse por ele. Assustado, come\u00e7ou a gritar.\n\nArmando n\u00e3o enxergava quase nada e caiu ao tentar correr. Voltaram ent\u00e3o cautelosamente ao local da vis\u00e3o, mas n\u00e3o viram mais ningu\u00e9m.\n\nRoberio conclui o quarto ano prim\u00e1rio e foi transferido para o semin\u00e1rio Santo Antonio de Agudos, onde seu sonho de ser Padre come\u00e7a a se realizar.\n\nChegando ao semin\u00e1rio franciscano em 1969, com o firme prop\u00f3sito de s\u00f3 sair de l\u00e1 quando fosse ordenado padre Franciscano, hospedou-se na primeira ala do semin\u00e1rio, cujo padre respons\u00e1vel era o Frei Fernando.\n\nRoberio aprendeu muito no semin\u00e1rio, mas ainda mais com o Frei Paulo Back, orientador da segunda ala, que tinha o dom da palavra. Catarinense humilde, o Frei colocava os seminaristas a meditar somente com suas simples palavras. Influenciou muito na sua vida religiosa e o aproximou de Deus. Foi seu guru, seu amigo nos momentos de d\u00favida \u2013 que come\u00e7avam a surgir quando as suas vis\u00f5es passaram a ser mais freq\u00fcentes. Na verdade, a vis\u00e3o e comunica\u00e7\u00e3o com desencarnados o incomodavam .\u2013 Um dia ao escovar os dentes no lavat\u00f3rio do semin\u00e1rio, Roberio olhou para o espelho e viu um homem de barbas brancas, segurando nas m\u00e3os um livro. Roberio ent\u00e3o vira-se para tr\u00e1s mas o homem sumiu. Ele tem ent\u00e3o, novamente a sensa\u00e7\u00e3o de querer gritar e n\u00e3o conseguir,a mesma do dia em que sofreu o acidente. O senhor de idade abaixa a cabe\u00e7a e se retira. O jovem vai a procura de alguem e encontra um colega para quem conta o que aconteceu no lavat\u00f3rio. O colega foi relatar aos superiores, que conclu\u00edram que Roberio estava louco. A reitoria e padre Cl\u00e1udio convencem Roberio que n\u00e3o era nada, era simplesmente sua imagina\u00e7\u00e3o.\n\nUma semana depois, estava ele carpindo mandioca para o Frei Toca quando sentiu uma forte tontura. Ele viu \u00e0 sua frente novamente o homem de barba com o livro em baixo do bra\u00e7o. O homem falou: \u201cvoc\u00ea vai me ver muitas outras vezes. N\u00e3o tenha medo\u201d. Rob\u00e9rio n\u00e3o sabia se estava passando mal ou delirando, pois tudo parecia uma imagem turva \u00e0 sua frente. N\u00e3o via o corpo neste homem, somente da cintura para cima. O homem se aproxima e coloca a m\u00e3o em dire\u00e7\u00e3o ao seu peito. Roberio sente uma forte dor no peito e desmaia.\n\nMais tarde foi acordado por dois amigos. Com receio de contar o que viu e diz que foi s\u00f3 um mal, mas o medo toma conta do seminarista Roberio.\n\nNo mesmo dia a noite, deita-se para dormir e sente uma m\u00e3o lhe apertando o pesco\u00e7o como se quisesse enforc\u00e1-lo. Ele grita e a sua frente v\u00ea claramente a imagem daquele homem de barba com um livro a altura do peito. O homem vai se afastando, seus colegas de quarto come\u00e7am a falar com Roberio que ouve v\u00e1rias vozes, dentre elas uma se sobressai, dizendo \u201cLevante!\u201d Roberio obedece levanta e cai, em sua dire\u00e7\u00e3o uma forte luz azul igual aquela do acidente lhe aperta o peito tirando-lhe o f\u00f4lego. Roberio grita de medo e a sua volta seus colegas, tamb\u00e9m com medo por suas rea\u00e7\u00f5es, chamam o Frei responsavel pela ala. Poucos minutos depois, ele vai se recuperando aos poucos, mas seus p\u00e9s n\u00e3o sentem o ch\u00e3o.\n\nNo dia seguinte, o jovem seminarista \u00e9 chamado na reitoria para conversar com o Frei Claudio, que quer saber o que est\u00e1 acontecendo com Roberio.\n\nDepois de uma conversa franca o Frei decide chamar um padre Franciscano do largo S\u00e3o Francisco para avaliar Roberio e tamb\u00e9m chamar seus pais para uma conversa para relatar o que est\u00e1 acontecendo com o rapaz. Com dia e hora marcados para a consulta com o psic\u00f3logo do Largo S\u00e3o Francisco, levanta-se e sai da sala do Frei Cl\u00e1udio. No corredor do semin\u00e1rio Roberio tem outro encontro com o Senhor Ogum que diz a ele \u201cTenha calma, estou ao seu lado.\u201d e adolescente v\u00ea uma luz azul e uma vermelha caindo sobre s\u00ed.\n\nEm silencio vai vendo muitas outras coisas.\n\nChega o dia da consulta com o Frei psic\u00f3logo e sua fam\u00edlia. O m\u00e9dico pede para que Roberio desenhe uma arvore e ao tentar cumprir a simples tarefa, sua m\u00e3o fica sem movimento, ent\u00e3o com medo o garoto chora. Ao fim da reuni\u00e3o o diagnostico foi que Roberio precisaria de um psiquiatra, pois encontrava-se em estado de loucura, tendo que ser internado urgente. No semin\u00e1rio, arumam as malas do rapaz que junto de seus pais deixava o semin\u00e1rio rumo a Adamantina &#8211; S\u00e3o Paulo, cidade onde a fam\u00edlia Baveloni residia agora.\n\nCome\u00e7a assim uma nova fase de luta, e aprova\u00e7\u00e3o.\n\nRoberio \u00e9 levado por seus familiares a cidade de Marilia, para o Hospital psiqui\u00e1trico esp\u00edrita de Marilia.\nDuarante a viagem, o rapaz v\u00ea o Senhor Ogum que o diz \u201cEst\u00e1 chegando a hora.\u201d. Ao chegar no hospital, \u00e9 atendido pelo medico Dr. Napole\u00e3o, que receita aloperidol e gardenal, e pede tamb\u00e9m a internana\u00e7\u00e3o imediata de Roberio, que \u00e9 levado para a ala de internos.\nForam dias de infinita dor, mas l\u00e1 conheceu uma pessoa incrivel, o grande esp\u00edrita Manoel Saad, que o contava hist\u00f3rias sobre o mundo espiritual. Come\u00e7ou a se interessar mas os rem\u00e9dios o faziam mal. Sentia uma profunda dor na alma, ele chorava, pedia para ir embora, contava arduamente os dias que passavam. At\u00e9 que depois de meses j\u00e1 n\u00e3o via mais o homem de barba, nem aquela mulher que o salvou do acidente, nem o Senhor Ogum.\n\nApesar da tristeza estava bem. Ent\u00e3o, numa manh\u00e3 qualquer Roberio fez uma avalia\u00e7\u00e3o na qual os m\u00e9dicos diziam que j\u00e1 estava bem. Ent\u00e3o como uma carta de alforria, recebeu alta. Seus pais foram lhe buscar no hospital. Quando voltou, sua m\u00e3e sua tia Maria, o esperavam com a comida que mais gostava na mesa, frango caipira com macarr\u00e3o. Foi uma festa,Roberio e seu pai estavam mais juntos do que nunca, o rapaz estava com o pai todos os dias no restaurante e posto de gasolina que o pai adquiriu ao se mudar para Adamantina.\n\nPassado um bom tempo, o Senhor Ogum aparece novamente ao rapaz\t\t\t\t\t\t<\/div>\n\t\t\t\t<\/div>\n\t\t\t\t\t<\/div>\n\t\t<\/div>\n\t\t\t\t\t<\/div>\n\t\t<\/section>\n\t\t\t\t<\/div>\n\t\t","protected":false},"excerpt":{"rendered":"<p>A historia de Roberio de Ogum e sua trajet\u00f3ria No dia 29 de outubro de 1954, Roberio Alechandre Baveloni, o mais novo dos tr\u00eas filhos [&hellip;]<\/p>\n","protected":false},"author":1,"featured_media":0,"parent":5,"menu_order":0,"comment_status":"open","ping_status":"open","template":"","meta":{"footnotes":""},"_links":{"self":[{"href":"http:\/\/portalroberiodeogum.com.br\/mc_2019\/index.php\/wp-json\/wp\/v2\/pages\/2300"}],"collection":[{"href":"http:\/\/portalroberiodeogum.com.br\/mc_2019\/index.php\/wp-json\/wp\/v2\/pages"}],"about":[{"href":"http:\/\/portalroberiodeogum.com.br\/mc_2019\/index.php\/wp-json\/wp\/v2\/types\/page"}],"author":[{"embeddable":true,"href":"http:\/\/portalroberiodeogum.com.br\/mc_2019\/index.php\/wp-json\/wp\/v2\/users\/1"}],"replies":[{"embeddable":true,"href":"http:\/\/portalroberiodeogum.com.br\/mc_2019\/index.php\/wp-json\/wp\/v2\/comments?post=2300"}],"version-history":[{"count":29,"href":"http:\/\/portalroberiodeogum.com.br\/mc_2019\/index.php\/wp-json\/wp\/v2\/pages\/2300\/revisions"}],"predecessor-version":[{"id":17793,"href":"http:\/\/portalroberiodeogum.com.br\/mc_2019\/index.php\/wp-json\/wp\/v2\/pages\/2300\/revisions\/17793"}],"up":[{"embeddable":true,"href":"http:\/\/portalroberiodeogum.com.br\/mc_2019\/index.php\/wp-json\/wp\/v2\/pages\/5"}],"wp:attachment":[{"href":"http:\/\/portalroberiodeogum.com.br\/mc_2019\/index.php\/wp-json\/wp\/v2\/media?parent=2300"}],"curies":[{"name":"wp","href":"https:\/\/api.w.org\/{rel}","templated":true}]}}