{"id":121,"date":"2012-08-21T14:58:41","date_gmt":"2012-08-21T14:58:41","guid":{"rendered":"http:\/\/portalroberiodeogum.com.br\/?page_id=121"},"modified":"2012-12-19T20:41:02","modified_gmt":"2012-12-19T20:41:02","slug":"judaismo","status":"publish","type":"page","link":"http:\/\/portalroberiodeogum.com.br\/mc_2019\/index.php\/home\/idolos\/judaismo\/","title":{"rendered":"Juda\u00edsmo"},"content":{"rendered":"<p><a href=\"http:\/\/portalroberiodeogum.com.br\/wp-content\/uploads\/2012\/08\/judaismo.jpg\"><img fetchpriority=\"high\" decoding=\"async\" class=\"alignnone size-full wp-image-1467\" title=\"judaismo\" src=\"http:\/\/portalroberiodeogum.com.br\/wp-content\/uploads\/2012\/08\/judaismo.jpg\" alt=\"\" width=\"939\" height=\"339\" \/><\/a><\/p>\n<p>O juda\u00edsmo \u00e9 considerado a primeira\u00a0religi\u00e3o\u00a0monote\u00edsta a aparecer na hist\u00f3ria. Tem como cren\u00e7a principal a exist\u00eancia de apenas um Deus, o criador de tudo. Para os judeus, Deus fez um acordo com os\u00a0hebreus, fazendo com que eles se tornassem o povo escolhido e prometendo-lhes a terra prometida.<\/p>\n<p align=\"justify\">Atualmente a f\u00e9 judaica \u00e9 praticada em v\u00e1rias regi\u00f5es do mundo, por\u00e9m \u00e9 no estado de\u00a0Israel\u00a0que se concentra um grande n\u00famero de praticantes.<\/p>\n<p align=\"justify\"><strong>Conhecendo a hist\u00f3ria do povo judeu\u00a0<\/strong><\/p>\n<p align=\"justify\">A B\u00edblia \u00e9 a refer\u00eancia para entendermos a hist\u00f3ria deste povo. De acordo com as escrituras sagradas, por volta de 1800 a.C, Abra\u00e3o recebeu uma sinal de Deus para abandonar o polite\u00edsmo e para viver em Cana\u00e3 (atual Palestina). Isaque, filho de Abra\u00e3o, tem um filho chamado Jac\u00f3. Este luta , num certo dia, com um anjo de Deus e tem seu nome mudado para Israel. Os doze filhos de Jac\u00f3 d\u00e3o origem as doze tribos que formavam o povo judeu. Por volta de 1700 AC, o povo judeu migra para o Egito, por\u00e9m s\u00e3o escravizados pelos fara\u00f3s por aproximadamente 400 anos. A liberta\u00e7\u00e3o do povo judeu ocorre por volta de 1300 AC. A fuga do\u00a0Egito\u00a0foi comandada por Mois\u00e9s, que recebe as t\u00e1buas dos Dez Mandamentos no monte Sinai. Durante 40 anos ficam peregrinando pelo\u00a0deserto, at\u00e9 receber um sinal de Deus para voltarem para a terra prometida, Cana\u00e3.<\/p>\n<p align=\"justify\">Jerusal\u00e9m\u00a0\u00e9 transformada num centro religioso pelo rei Davi. Ap\u00f3s o reinado de Salom\u00e3o, filho de Davi, as tribos dividem-se em dois reinos : Reino de Israel e Reino de Jud\u00e1. Neste momento de separa\u00e7\u00e3o, aparece a cren\u00e7a da vinda de um messias que iria juntar o povo de Israel e restaurar o poder de Deus sobre o mundo.<\/p>\n<p align=\"justify\">Em 721 a.C come\u00e7a a di\u00e1spora judaica com a invas\u00e3o babil\u00f4nica. O imperador da\u00a0Babil\u00f4nia, ap\u00f3s invadir o reino de Israel, destr\u00f3i o templo de Jerusal\u00e9m e deporta grande parte da popula\u00e7\u00e3o judaica.<\/p>\n<p align=\"justify\">No s\u00e9culo I, os romanos invadem a Palestina e destroem o templo de Jerusal\u00e9m. No s\u00e9culo seguinte, destroem a cidade de Jerusal\u00e9m, provocando a segunda di\u00e1spora judaica. Ap\u00f3s estes epis\u00f3dios, os judeus espalham-se pelo mundo, mantendo a cultura e a religi\u00e3o. Em 1948, o povo judeu retoma o car\u00e1ter de unidade ap\u00f3s a cria\u00e7\u00e3o do estado de Israel.<\/p>\n<p align=\"justify\"><strong>Os livros sagrados dos judeus\u00a0<\/strong><\/p>\n<p align=\"justify\">A Tor\u00e1 ou Pentateuco, de acordo com os judeus, \u00e9 considerado o livro sagrado que foi revelado diretamente por Deus. Fazem parte da Tor\u00e1 : G\u00eanesis, o \u00caxodo, o Lev\u00edtico, os N\u00fameros e o Deuteron\u00f4mio. O Talmude \u00e9 o livro que re\u00fane muitas tradi\u00e7\u00f5es orais e \u00e9 dividido em quatro livros: Mishnah, Targumin, Midrashim e Coment\u00e1rios.\u00a0<strong><\/strong><\/p>\n<p align=\"justify\"><strong>Rituais e s\u00edmbolos judaicos\u00a0<\/strong><\/p>\n<p align=\"justify\">Os cultos judaicos s\u00e3o realizados num templo chamado de sinagoga e s\u00e3o comandados por um sacerdote conhecido por rabino. O s\u00edmbolo sagrado do juda\u00edsmo \u00e9 o memor\u00e1, candelabro com sete bra\u00e7os.<\/p>\n<p align=\"justify\">\u00a0Memor\u00e1 : candelabro sagrado<\/p>\n<p align=\"justify\">Entre os rituais, podemos citar a circuncis\u00e3o dos meninos ( aos 8 dias de vida ) e o Bar Mitzvah que representa a inicia\u00e7\u00e3o na vida adulta para os meninos e a Bat Mitzvah para as meninas ( aos 12 anos de idade ).<\/p>\n<p align=\"justify\">Os homens judeus usam a kippa, pequena touca, que representa o respeito a Deus no momento das ora\u00e7\u00f5es.<\/p>\n<p align=\"justify\">Nas sinagogas, existe uma arca, que representa a liga\u00e7\u00e3o entre Deus e o Povo Judeu. Nesta arca s\u00e3o guardados os pergaminhos sagrados da Tor\u00e1.<\/p>\n<p align=\"justify\"><strong>As Festas Judaicas<\/strong><\/p>\n<p align=\"justify\">As datas das festas religiosas dos judeus s\u00e3o m\u00f3veis, pois seguem um calend\u00e1rio lunisolar. As principais s\u00e3o as seguintes:<\/p>\n<p align=\"justify\"><strong>Purim<\/strong>\u00a0&#8211; os judeus comemoram a salva\u00e7\u00e3o de um massacre elaborado pelo rei persa Assucro.<br \/>\n<strong>P\u00e1scoa\u00a0( Pessach )<\/strong>\u00a0&#8211; comemora-se a liberta\u00e7\u00e3o da escravid\u00e3o do povo judeu no Egito, em 1300 a.C.<br \/>\n<strong>Shavu\u00f3t<\/strong>\u00a0&#8211; celebra a revela\u00e7\u00e3o da Tor\u00e1 ao povo de Israel, por volta de 1300 a.C.<br \/>\n<strong>Rosh Hashan\u00e1<\/strong>\u00a0&#8211; \u00e9 comemorado o\u00a0 Ano-Novo judaico.<br \/>\n<strong>Yom Kipur<\/strong>\u00a0&#8211; considerado o dia do perd\u00e3o. Os judeus fazem jejum por 25 horas seguidas para purificar o esp\u00edrito.<br \/>\n<strong>Suc\u00f3t<\/strong>\u00a0&#8211;\u00a0 refere-se a peregrina\u00e7\u00e3o de 40 anos pelo deserto, ap\u00f3s a liberta\u00e7\u00e3o do cativeiro do Egito.<br \/>\n<strong>Chanuc\u00e1<\/strong>\u00a0&#8211; comemora-se o fim do dom\u00ednio ass\u00edrio e a restaura\u00e7\u00e3o do tempo de Jerusal\u00e9m.<br \/>\n<strong>Simchat Tor\u00e1<\/strong>\u00a0&#8211; celebra a entrega dos Dez Mandamentos a Mois\u00e9s.<\/p>\n<p>&nbsp;<\/p>\n","protected":false},"excerpt":{"rendered":"<p>O juda\u00edsmo \u00e9 considerado a primeira\u00a0religi\u00e3o\u00a0monote\u00edsta a aparecer na hist\u00f3ria. Tem como cren\u00e7a principal a exist\u00eancia de apenas um Deus, o criador de tudo. Para [&hellip;]<\/p>\n","protected":false},"author":1,"featured_media":0,"parent":8,"menu_order":0,"comment_status":"open","ping_status":"open","template":"template-full-width.php","meta":{"footnotes":""},"_links":{"self":[{"href":"http:\/\/portalroberiodeogum.com.br\/mc_2019\/index.php\/wp-json\/wp\/v2\/pages\/121"}],"collection":[{"href":"http:\/\/portalroberiodeogum.com.br\/mc_2019\/index.php\/wp-json\/wp\/v2\/pages"}],"about":[{"href":"http:\/\/portalroberiodeogum.com.br\/mc_2019\/index.php\/wp-json\/wp\/v2\/types\/page"}],"author":[{"embeddable":true,"href":"http:\/\/portalroberiodeogum.com.br\/mc_2019\/index.php\/wp-json\/wp\/v2\/users\/1"}],"replies":[{"embeddable":true,"href":"http:\/\/portalroberiodeogum.com.br\/mc_2019\/index.php\/wp-json\/wp\/v2\/comments?post=121"}],"version-history":[{"count":6,"href":"http:\/\/portalroberiodeogum.com.br\/mc_2019\/index.php\/wp-json\/wp\/v2\/pages\/121\/revisions"}],"predecessor-version":[{"id":1469,"href":"http:\/\/portalroberiodeogum.com.br\/mc_2019\/index.php\/wp-json\/wp\/v2\/pages\/121\/revisions\/1469"}],"up":[{"embeddable":true,"href":"http:\/\/portalroberiodeogum.com.br\/mc_2019\/index.php\/wp-json\/wp\/v2\/pages\/8"}],"wp:attachment":[{"href":"http:\/\/portalroberiodeogum.com.br\/mc_2019\/index.php\/wp-json\/wp\/v2\/media?parent=121"}],"curies":[{"name":"wp","href":"https:\/\/api.w.org\/{rel}","templated":true}]}}