{"id":119,"date":"2012-08-21T14:58:21","date_gmt":"2012-08-21T14:58:21","guid":{"rendered":"http:\/\/portalroberiodeogum.com.br\/?page_id=119"},"modified":"2012-12-19T20:41:05","modified_gmt":"2012-12-19T20:41:05","slug":"umbanda-e-candonble","status":"publish","type":"page","link":"http:\/\/portalroberiodeogum.com.br\/mc_2019\/index.php\/home\/idolos\/umbanda-e-candonble\/","title":{"rendered":"Umbanda e Candomble"},"content":{"rendered":"<p><a href=\"http:\/\/portalroberiodeogum.com.br\/wp-content\/uploads\/2012\/08\/umbanda_candomble.jpg\"><img fetchpriority=\"high\" decoding=\"async\" class=\"alignnone size-full wp-image-1543\" title=\"umbanda_candomble\" src=\"http:\/\/portalroberiodeogum.com.br\/wp-content\/uploads\/2012\/08\/umbanda_candomble.jpg\" alt=\"\" width=\"939\" height=\"339\" \/><\/a><\/p>\n<p><strong>Umbanda<\/strong><\/p>\n<p><strong><\/strong><br \/>\nReligi\u00e3o que tem por base a pr\u00e1tica da caridade e tem em uma de suas fun\u00e7\u00f5es a eleva\u00e7\u00e3o espiritual do m\u00e9dium e das entidades que governam o pr\u00f3prio m\u00e9dium.<br \/>\nA Umbanda \u00e9 uma grande express\u00e3o religiosa nacional com maiores la\u00e7os com o Rio de Janeiro. Irradiou-se para os Estados de Minas Gerais, S\u00e3o Paulo e demais estados do Brasil e at\u00e9 nos E.U.A existem casas de Umbanda.<br \/>\n\u00c9 um culto popular aceito em todas as camadas sociais e de f\u00e1cil acesso<\/p>\n<p><strong>Candomble<\/strong><\/p>\n<p>O Candombl\u00e9 \u00e9 uma religi\u00e3o origin\u00e1ria da \u00c1frica, trazida ao Brasil pelos africanos escravizados na \u00e9poca da coloniza\u00e7\u00e3o brasileira. Os Orix\u00e1s s\u00e3o arqu\u00e9tipos de uma atividade ou fun\u00e7\u00e3o e representam as for\u00e7as que controlam a natureza e seus fen\u00f4menos, tais como as \u00e1guas, o vento, as florestas, os raios, etc. Cada Orix\u00e1 tem um dia da semana a ele consagrado, por isso n\u00e3o se espante com a grande quantidade de baianos vestidos de branco nas sextas feiras, pois sexta-feira \u00e9 dia de Oxal\u00e1, a divindade da Cria\u00e7\u00e3o e branco \u00e9 a sua cor. Oxal\u00e1 \u00e9 sincretizado com o Nosso Senhor do Bonfim, padroeiro da cidade do Salvador. O sincretismo entre o candombl\u00e9 e a religi\u00e3o cat\u00f3lica foi uma forma de defesa visando a preserva\u00e7\u00e3o da religi\u00e3o proibida pelos escravocratas.<br \/>\nTamb\u00e9m \u00e9 denominado candombl\u00e9 o templo em que s\u00e3o realizados os ritos e cerim\u00f4nias. A visita ao candombl\u00e9, como a qualquer outro templo religioso deve ser feita com seriedade e respeito, seguindo-se algumas regras b\u00e1sicas: n\u00e3o trajar bermuda ou roupa de banho; n\u00e3o tirar fotos, gravar ou filmar os cultos.<\/p>\n","protected":false},"excerpt":{"rendered":"<p>Umbanda Religi\u00e3o que tem por base a pr\u00e1tica da caridade e tem em uma de suas fun\u00e7\u00f5es a eleva\u00e7\u00e3o espiritual do m\u00e9dium e das entidades [&hellip;]<\/p>\n","protected":false},"author":1,"featured_media":0,"parent":8,"menu_order":0,"comment_status":"open","ping_status":"open","template":"template-full-width.php","meta":{"footnotes":""},"_links":{"self":[{"href":"http:\/\/portalroberiodeogum.com.br\/mc_2019\/index.php\/wp-json\/wp\/v2\/pages\/119"}],"collection":[{"href":"http:\/\/portalroberiodeogum.com.br\/mc_2019\/index.php\/wp-json\/wp\/v2\/pages"}],"about":[{"href":"http:\/\/portalroberiodeogum.com.br\/mc_2019\/index.php\/wp-json\/wp\/v2\/types\/page"}],"author":[{"embeddable":true,"href":"http:\/\/portalroberiodeogum.com.br\/mc_2019\/index.php\/wp-json\/wp\/v2\/users\/1"}],"replies":[{"embeddable":true,"href":"http:\/\/portalroberiodeogum.com.br\/mc_2019\/index.php\/wp-json\/wp\/v2\/comments?post=119"}],"version-history":[{"count":8,"href":"http:\/\/portalroberiodeogum.com.br\/mc_2019\/index.php\/wp-json\/wp\/v2\/pages\/119\/revisions"}],"predecessor-version":[{"id":1542,"href":"http:\/\/portalroberiodeogum.com.br\/mc_2019\/index.php\/wp-json\/wp\/v2\/pages\/119\/revisions\/1542"}],"up":[{"embeddable":true,"href":"http:\/\/portalroberiodeogum.com.br\/mc_2019\/index.php\/wp-json\/wp\/v2\/pages\/8"}],"wp:attachment":[{"href":"http:\/\/portalroberiodeogum.com.br\/mc_2019\/index.php\/wp-json\/wp\/v2\/media?parent=119"}],"curies":[{"name":"wp","href":"https:\/\/api.w.org\/{rel}","templated":true}]}}