{"id":117,"date":"2012-08-21T14:57:59","date_gmt":"2012-08-21T14:57:59","guid":{"rendered":"http:\/\/portalroberiodeogum.com.br\/?page_id=117"},"modified":"2012-12-19T20:41:03","modified_gmt":"2012-12-19T20:41:03","slug":"protestantismo","status":"publish","type":"page","link":"http:\/\/portalroberiodeogum.com.br\/mc_2019\/index.php\/home\/idolos\/protestantismo\/","title":{"rendered":"Protestantismo"},"content":{"rendered":"<p><a href=\"http:\/\/portalroberiodeogum.com.br\/wp-content\/uploads\/2012\/08\/protestantismo.jpg\"><img fetchpriority=\"high\" decoding=\"async\" class=\"alignnone size-full wp-image-1591\" title=\"protestantismo\" src=\"http:\/\/portalroberiodeogum.com.br\/wp-content\/uploads\/2012\/08\/protestantismo.jpg\" alt=\"\" width=\"939\" height=\"339\" \/><\/a><\/p>\n<p>O\u00a0<strong>Protestantismo<\/strong>\u00a0\u00e9 um dos principais ramos (juntamente com a\u00a0Igreja Romana\u00a0e a\u00a0Igreja Ortodoxa) do\u00a0cristianismo. Este movimento iniciou-se na\u00a0Europa Central\u00a0no in\u00edcio do s\u00e9culo XV como uma rea\u00e7\u00e3o contra as doutrinas e pr\u00e1ticas do catolicismo romano\u00a0medieval.\u00a0Os protestantes tamb\u00e9m s\u00e3o conhecidos pelo nome de evang\u00e9licos.\u00a0No entanto, no contexto brasileiro, o nome &#8216;protestante&#8217; deve ser usado mais corretamente para se referir \u00e0s igrejas oriundas da\u00a0Reforma Protestante, como a\u00a0Presbiteriana, a\u00a0Luterana,\u00a0Anglicana\u00a0e\u00a0Batista\u00a0(esta \u00faltima, em parte); e o termo &#8216;evang\u00e9lico&#8217; \u00e9 mais utilizado para se referir aos\u00a0pentecostais\u00a0e\u00a0neopentecostais.<\/p>\n<p>As doutrinas das in\u00fameras\u00a0denomina\u00e7\u00f5es\u00a0protestantes variam, mas muitas incluem a\u00a0justifica\u00e7\u00e3o\u00a0por gra\u00e7a mediante a f\u00e9 somente, conhecido como\u00a0Sola fide, o\u00a0sacerd\u00f3cio de todos os crentes, e a\u00a0B\u00edblia\u00a0como \u00fanica regra em mat\u00e9ria de f\u00e9 e ordem, conhecido como\u00a0Sola scriptura.<\/p>\n<p>No s\u00e9culo XVI, seguidores de\u00a0Martinho Lutero\u00a0fundaram igrejas &#8220;evang\u00e9licas&#8221; na Alemanha e Escandin\u00e1via. As\u00a0igrejas reformadas\u00a0(ou presbiterianas) na Su\u00ed\u00e7a e Fran\u00e7a foram fundadas por\u00a0Jo\u00e3o Calvino\u00a0e tamb\u00e9m por reformadores como\u00a0Ulrico Zu\u00ednglio.\u00a0Thomas Cranmerreformou a\u00a0Igreja da Inglaterra\u00a0e depois\u00a0John Knox\u00a0fundou uma comunh\u00e3o\u00a0calvinista\u00a0na\u00a0Igreja da Esc\u00f3cia.<\/p>\n","protected":false},"excerpt":{"rendered":"<p>O\u00a0Protestantismo\u00a0\u00e9 um dos principais ramos (juntamente com a\u00a0Igreja Romana\u00a0e a\u00a0Igreja Ortodoxa) do\u00a0cristianismo. Este movimento iniciou-se na\u00a0Europa Central\u00a0no in\u00edcio do s\u00e9culo XV como uma rea\u00e7\u00e3o contra [&hellip;]<\/p>\n","protected":false},"author":1,"featured_media":0,"parent":8,"menu_order":0,"comment_status":"open","ping_status":"open","template":"template-full-width.php","meta":{"footnotes":""},"_links":{"self":[{"href":"http:\/\/portalroberiodeogum.com.br\/mc_2019\/index.php\/wp-json\/wp\/v2\/pages\/117"}],"collection":[{"href":"http:\/\/portalroberiodeogum.com.br\/mc_2019\/index.php\/wp-json\/wp\/v2\/pages"}],"about":[{"href":"http:\/\/portalroberiodeogum.com.br\/mc_2019\/index.php\/wp-json\/wp\/v2\/types\/page"}],"author":[{"embeddable":true,"href":"http:\/\/portalroberiodeogum.com.br\/mc_2019\/index.php\/wp-json\/wp\/v2\/users\/1"}],"replies":[{"embeddable":true,"href":"http:\/\/portalroberiodeogum.com.br\/mc_2019\/index.php\/wp-json\/wp\/v2\/comments?post=117"}],"version-history":[{"count":7,"href":"http:\/\/portalroberiodeogum.com.br\/mc_2019\/index.php\/wp-json\/wp\/v2\/pages\/117\/revisions"}],"predecessor-version":[{"id":1528,"href":"http:\/\/portalroberiodeogum.com.br\/mc_2019\/index.php\/wp-json\/wp\/v2\/pages\/117\/revisions\/1528"}],"up":[{"embeddable":true,"href":"http:\/\/portalroberiodeogum.com.br\/mc_2019\/index.php\/wp-json\/wp\/v2\/pages\/8"}],"wp:attachment":[{"href":"http:\/\/portalroberiodeogum.com.br\/mc_2019\/index.php\/wp-json\/wp\/v2\/media?parent=117"}],"curies":[{"name":"wp","href":"https:\/\/api.w.org\/{rel}","templated":true}]}}