{"id":114,"date":"2012-08-21T14:57:28","date_gmt":"2012-08-21T14:57:28","guid":{"rendered":"http:\/\/portalroberiodeogum.com.br\/?page_id=114"},"modified":"2012-09-11T14:04:08","modified_gmt":"2012-09-11T14:04:08","slug":"catolicismo","status":"publish","type":"page","link":"http:\/\/portalroberiodeogum.com.br\/mc_2019\/index.php\/home\/idolos\/catolicismo\/","title":{"rendered":"Catolicismo"},"content":{"rendered":"<p><a href=\"http:\/\/portalroberiodeogum.com.br\/wp-content\/uploads\/2012\/08\/catolica2.jpg\"><img fetchpriority=\"high\" decoding=\"async\" class=\"alignnone size-full wp-image-1594\" title=\"catolica2\" src=\"http:\/\/portalroberiodeogum.com.br\/wp-content\/uploads\/2012\/08\/catolica2.jpg\" alt=\"\" width=\"939\" height=\"339\" \/><\/a><\/p>\n<p>O\u00a0catolicismo apost\u00f3lico romano\u00a0\u00e9 atualmente a maior religi\u00e3o do\u00a0Brasil, ativa no pa\u00eds desde o\u00a0per\u00edodo pr\u00e9-colonial, quando foi introduzida por\u00a0mission\u00e1rios\u00a0que acompanhavam os colonizadores\u00a0portugueses. A Igreja Cat\u00f3lica exerce grande influ\u00eancia nos aspectos\u00a0pol\u00edtico,\u00a0social\u00a0e\u00a0cultural\u00a0dos brasileiros.<\/p>\n<p>O\u00a0catolicismo\u00a0tem sido a principal religi\u00e3o do Brasil desde o s\u00e9culo XVI. Ela foi introduzida por mission\u00e1rios que acompanharam os exploradores e colonizadores portugueses nas terras do pa\u00eds rec\u00e9m-descoberto. O Brasil \u00e9 considerado o maior pa\u00eds do mundo em n\u00famero de cat\u00f3licos nominais, os cat\u00f3licos passaram de 73,6% em 2000 para 64,6% em 2010. Por\u00e9m, sua hegemonia deve ser relativizada devido ao grande sincretismo religioso existente no pa\u00eds Entre as tradi\u00e7\u00f5es populares do catolicismo no Brasil est\u00e3o as peregrina\u00e7\u00f5es \u00e0 Igreja de Nossa Senhora Aparecida. Nossa Senhora Aparecida acabou por tornar-se a Padroeira do Brasil. Outras festas cat\u00f3licas importantes s\u00e3o o C\u00edrio de Nazar\u00e9, Festa do Divino e a Festa do Divino Pai Eterno, mais conhecida como Romaria de Trindade, em Goi\u00e1s. No transcorrer do s\u00e9culo XX, foi diminui o interesse pelas formas tradicionais de religiosidade no pa\u00eds. Um reflexo disso \u00e9 o grande n\u00famero de pessoas que se intitulam cat\u00f3licos n\u00e3o-praticantes.<\/p>\n<p>As principais lideran\u00e7as da\u00a0Igreja Cat\u00f3lica\u00a0no Brasil s\u00e3o os bispos e arcebispos do pa\u00eds, dentro dos quais se destacam: o\u00a0n\u00fancio apost\u00f3lico\u00a0Dom Lorenzo Baldisseri, o presidente da\u00a0CNBB\u00a0e\u00a0cardeal,\u00a0Dom Raymundo Damasceno Assis, os demais\u00a0cardeais brasileiros:\u00a0Dom Eug\u00eanio de Ara\u00fajo Sales,\u00a0Dom Jos\u00e9 Freire Falc\u00e3o,\u00a0Dom Serafim Fernandes de Ara\u00fajo,\u00a0Dom\u00a0<em>Frei<\/em>\u00a0Cl\u00e1udio Hummes(<em>O.F.M.<\/em>),\u00a0Dom Geraldo Majella Agnelo,\u00a0Dom Eus\u00e9bio Oscar Sheid\u00a0(<em>S.C.J.<\/em>) e\u00a0Dom Odilo Pedro Scherer, al\u00e9m do\u00a0primaz\u00a0do Brasil,Dom Murilo Sebasti\u00e3o Ramos Krieger\u00a0(<em>S.C.J.<\/em>).<\/p>\n","protected":false},"excerpt":{"rendered":"<p>O\u00a0catolicismo apost\u00f3lico romano\u00a0\u00e9 atualmente a maior religi\u00e3o do\u00a0Brasil, ativa no pa\u00eds desde o\u00a0per\u00edodo pr\u00e9-colonial, quando foi introduzida por\u00a0mission\u00e1rios\u00a0que acompanhavam os colonizadores\u00a0portugueses. A Igreja Cat\u00f3lica exerce [&hellip;]<\/p>\n","protected":false},"author":1,"featured_media":0,"parent":8,"menu_order":0,"comment_status":"open","ping_status":"open","template":"template-full-width.php","meta":{"footnotes":""},"_links":{"self":[{"href":"http:\/\/portalroberiodeogum.com.br\/mc_2019\/index.php\/wp-json\/wp\/v2\/pages\/114"}],"collection":[{"href":"http:\/\/portalroberiodeogum.com.br\/mc_2019\/index.php\/wp-json\/wp\/v2\/pages"}],"about":[{"href":"http:\/\/portalroberiodeogum.com.br\/mc_2019\/index.php\/wp-json\/wp\/v2\/types\/page"}],"author":[{"embeddable":true,"href":"http:\/\/portalroberiodeogum.com.br\/mc_2019\/index.php\/wp-json\/wp\/v2\/users\/1"}],"replies":[{"embeddable":true,"href":"http:\/\/portalroberiodeogum.com.br\/mc_2019\/index.php\/wp-json\/wp\/v2\/comments?post=114"}],"version-history":[{"count":6,"href":"http:\/\/portalroberiodeogum.com.br\/mc_2019\/index.php\/wp-json\/wp\/v2\/pages\/114\/revisions"}],"predecessor-version":[{"id":1526,"href":"http:\/\/portalroberiodeogum.com.br\/mc_2019\/index.php\/wp-json\/wp\/v2\/pages\/114\/revisions\/1526"}],"up":[{"embeddable":true,"href":"http:\/\/portalroberiodeogum.com.br\/mc_2019\/index.php\/wp-json\/wp\/v2\/pages\/8"}],"wp:attachment":[{"href":"http:\/\/portalroberiodeogum.com.br\/mc_2019\/index.php\/wp-json\/wp\/v2\/media?parent=114"}],"curies":[{"name":"wp","href":"https:\/\/api.w.org\/{rel}","templated":true}]}}