{"id":112,"date":"2012-08-21T14:57:12","date_gmt":"2012-08-21T14:57:12","guid":{"rendered":"http:\/\/portalroberiodeogum.com.br\/?page_id=112"},"modified":"2019-11-29T20:13:56","modified_gmt":"2019-11-29T23:13:56","slug":"espiritismo","status":"publish","type":"page","link":"http:\/\/portalroberiodeogum.com.br\/mc_2019\/index.php\/home\/idolos\/espiritismo\/","title":{"rendered":"Espiritismo"},"content":{"rendered":"<p><a href=\"http:\/\/portalroberiodeogum.com.br\/wp-content\/uploads\/2012\/08\/espiritismo1.jpg\"><img fetchpriority=\"high\" decoding=\"async\" class=\"alignnone size-full wp-image-1580\" title=\"espiritismo\" src=\"http:\/\/portalroberiodeogum.com.br\/wp-content\/uploads\/2012\/08\/espiritismo1.jpg\" alt=\"\" width=\"939\" height=\"339\" \/><\/a><\/p>\n<p>Ao contr\u00e1rio do que o senso comum prega, o espiritismo tem um dos seus pilares no estudo da vida de Jesus. A DE (Doutrina Esp\u00edrita) \u00e9 alicer\u00e7ada sobre 3 pontos b\u00e1sicos, s\u00e3o eles: filosofia, ci\u00eancia e religi\u00e3o, pontos estes que os primeiros livros a cerca do assunto procuram explorar &#8211; destaque para o Evangelho segundo o Espiritismo onde s\u00e3o expostos e estudados os ensinamentos de Jesus, indicando-os como norma de conduta a todos os aspirantes a esp\u00edritas.<\/p>\n<p>O espiritismo \u00e9 uma das religi\u00f5es que mais tem crescido no Brasil. Em 2000, o Brasil concentrava 2,3 milh\u00f5es de esp\u00edritas. Em 2005, estimava-se a exist\u00eancia de 10 milh\u00f5es de esp\u00edritas no mundo inteiro (Encyclopaedia Britannica). Desse total, aproximadamente 3 milh\u00f5es vivem no Brasil, fazendo dessa a maior na\u00e7\u00e3o esp\u00edrita do planeta. Estima-se, por\u00e9m, que o n\u00famero de simpatizantes do espiritismo no Brasil gire em torno de 20 milh\u00f5es.[carece de fontes?]<\/p>\n<p>Como doutrina filos\u00f3fica, o espiritismo foi sistematizado pelo pedagogo franc\u00eas Allan Kardec n&#8217;O Livro dos Esp\u00edritos, publicado em 18 de abril de 1857. No Brasil, contudo, houve uma forte ressignifica\u00e7\u00e3o das id\u00e9ias esp\u00edritas, que foram carregadas de um vi\u00e9s muito mais religioso do que o existente na Europa. Foi dentro dessa perspectiva que o espiritismo foi amplamente divulgado no Brasil, ainda na segunda metade do s\u00e9culo XIX, atraindo principalmente a classe m\u00e9dia. Em setembro de 1865, em Salvador, Bahia, foi criado o &#8220;Grupo Familiar do Espiritismo&#8221;, o primeiro centro esp\u00edrita brasileiro. Em 1873, fundou-se a &#8220;Sociedade de Estudos Esp\u00edritas&#8221;, com o lema &#8220;Sem caridade n\u00e3o h\u00e1 salva\u00e7\u00e3o; sem caridade n\u00e3o h\u00e1 verdadeiro esp\u00edrita&#8221;. Esse grupo dedicou-se a traduzir para o portugu\u00eas as obras de Kardec, como &#8220;O Livro dos Esp\u00edritos&#8221;, &#8220;O Livro dos M\u00e9diuns&#8221;, &#8220;O Evangelho Segundo o Espiritismo&#8221;, &#8220;O C\u00e9u e o Inferno&#8221; e &#8220;A G\u00eanese&#8221;.<\/p>\n<p>Foi nesse contexto que Adolfo Bezerra de Menezes aderiu \u00e0 doutrina esp\u00edrita, tornando-se um dos maiores expoentes do espiritismo do pa\u00eds. Bezerra de Menezes foi presidente da Federa\u00e7\u00e3o Esp\u00edrita Brasileira (FEB) por duas gest\u00f5es. A FEB foi fundada em janeiro de 1884, pelo Sr. Elias da Silva, com a finalidade de unificar o pensamento esp\u00edrita no Brasil.<\/p>\n<p>No dia 2 de abril de 1910, nasceu Francisco C\u00e2ndido Xavier, conhecido simplesmente como Chico Xavier. Aos 5 anos de idade, Chico afirmou conversar com o esp\u00edrito de sua m\u00e3e. Humanit\u00e1rio, o m\u00e9dium foi indicado duas vezes ao pr\u00eamio Nobel da Paz. Respons\u00e1vel direto pelo grande n\u00famero de adeptos que a religi\u00e3o conseguiu no Brasil, Chico Xavier \u00e9 reconhecido mundialmente pela comunidade esp\u00edrita. Os mais de 400 livros psicografados por ele foram traduzidos em in\u00fameras l\u00ednguas, entre elas o esperanto. Chico Xavier morreu em 30 de junho de 2002.<\/p>\n<pre><span style=\"color: #ffffff;\"><strong>Mensagem de Chico Xavier<\/strong><\/span><\/pre>\n<pre><span style=\"color: #ffffff;\">Que Deus n\u00e3o permita que eu perca o ROMANTISMO,\nmesmo sabendo que as rosas n\u00e3o falam... \nQue eu n\u00e3o perca o OTIMISMO, mesmo sabendo que o futuro\nque nos espera pode n\u00e3o ser t\u00e3o alegre...\nQue eu n\u00e3o perca a VONTADE DE VIVER, mesmo sabendo que a vida \u00e9,\nem muitos momentos, dolorosa...\nQue eu n\u00e3o perca a vontade de TER GRANDES AMIGOS,\nmesmo sabendo que, com as voltas do mundo,\neles acabam indo embora de nossas vidas...\nQue eu n\u00e3o perca a vontade de AJUDAR AS PESSOAS,\nMesmo sabendo que muitas delas s\u00e3o incapazes\nde ver, reconhecer e retribuir, esta ajuda...\nQue eu n\u00e3o perca o EQUIL\u00cdBRIO, mesmo sabendo\nque in\u00fameras for\u00e7as querem que eu caia...\nQue eu n\u00e3o perca A VONTADE DE AMAR, mesmo sabendo que a pessoa que\neu mais amo pode n\u00e3o sentir o mesmo sentimento por mim...\nQue eu n\u00e3o perca a LUZ E O BRILHO NO OLHAR, mesmo sabendo que muitas coisas\nque verei no mundo escurecer\u00e3o os meus olhos...\nQue eu n\u00e3o perca a GARRA, mesmo sabendo que a derrota e a perda\nS\u00e3o dois advers\u00e1rios extremamente perigosos...\nQue eu n\u00e3o perca a RAZ\u00c3O, mesmo sabendo\nque as tenta\u00e7\u00f5es da vida s\u00e3o in\u00fameras e deliciosas...\nQue eu n\u00e3o perca o sentimento de JUSTI\u00c7A, mesmo\nsabendo que o prejudicado possa ser eu...\nQue eu n\u00e3o perca o meu FORTE ABRA\u00c7O, mesmo sabendo\nque um dia os meus bra\u00e7os estar\u00e3o fracos...\nQue eu n\u00e3o perca a BELEZA E A ALEGRIA DE VIVER, mesmo sabendo\nque muitas l\u00e1grimas brotar\u00e3o dos meus olhos e escorrer\u00e3o por minha alma...\nQue eu n\u00e3o perca o AMOR POR MINHA FAM\u00cdLIA, mesmo sabendo que ela\nmuitas vezes me exigiria esfor\u00e7os incr\u00edveis para manter a sua harmonia...\nQue eu n\u00e3o perca a vontade de DOAR ESTE ENORME AMOR que existe em meu cora\u00e7\u00e3o,\nmesmo sabendo que muitas vezes ele ser\u00e1 submetido e at\u00e9 rejeitado...\nQue eu n\u00e3o perca a vontade de SER GRANDE, mesmo\nsabendo que o mundo \u00e9 pequeno...\nE acima de tudo...\nQue eu jamais me esque\u00e7a que Deus me ama infinitamente!\nQue um pequeno gr\u00e3o de alegria e esperan\u00e7a dentro de cada um\n\u00e9 capaz de mudar e transformar qualquer coisa, pois,,,\nA VIDA \u00c9 CONSTRU\u00cdDA NOS SONHOS\nE CONCRETIZADA NO AMOR!<\/span><\/pre>\n","protected":false},"excerpt":{"rendered":"<p>Ao contr\u00e1rio do que o senso comum prega, o espiritismo tem um dos seus pilares no estudo da vida de Jesus. A DE (Doutrina Esp\u00edrita) [&hellip;]<\/p>\n","protected":false},"author":1,"featured_media":0,"parent":8,"menu_order":0,"comment_status":"open","ping_status":"open","template":"template-full-width.php","meta":{"footnotes":""},"_links":{"self":[{"href":"http:\/\/portalroberiodeogum.com.br\/mc_2019\/index.php\/wp-json\/wp\/v2\/pages\/112"}],"collection":[{"href":"http:\/\/portalroberiodeogum.com.br\/mc_2019\/index.php\/wp-json\/wp\/v2\/pages"}],"about":[{"href":"http:\/\/portalroberiodeogum.com.br\/mc_2019\/index.php\/wp-json\/wp\/v2\/types\/page"}],"author":[{"embeddable":true,"href":"http:\/\/portalroberiodeogum.com.br\/mc_2019\/index.php\/wp-json\/wp\/v2\/users\/1"}],"replies":[{"embeddable":true,"href":"http:\/\/portalroberiodeogum.com.br\/mc_2019\/index.php\/wp-json\/wp\/v2\/comments?post=112"}],"version-history":[{"count":16,"href":"http:\/\/portalroberiodeogum.com.br\/mc_2019\/index.php\/wp-json\/wp\/v2\/pages\/112\/revisions"}],"predecessor-version":[{"id":17757,"href":"http:\/\/portalroberiodeogum.com.br\/mc_2019\/index.php\/wp-json\/wp\/v2\/pages\/112\/revisions\/17757"}],"up":[{"embeddable":true,"href":"http:\/\/portalroberiodeogum.com.br\/mc_2019\/index.php\/wp-json\/wp\/v2\/pages\/8"}],"wp:attachment":[{"href":"http:\/\/portalroberiodeogum.com.br\/mc_2019\/index.php\/wp-json\/wp\/v2\/media?parent=112"}],"curies":[{"name":"wp","href":"https:\/\/api.w.org\/{rel}","templated":true}]}}