{"id":108,"date":"2012-08-21T14:56:22","date_gmt":"2012-08-21T14:56:22","guid":{"rendered":"http:\/\/portalroberiodeogum.com.br\/?page_id=108"},"modified":"2012-09-11T15:14:53","modified_gmt":"2012-09-11T15:14:53","slug":"xamanismo","status":"publish","type":"page","link":"http:\/\/portalroberiodeogum.com.br\/mc_2019\/index.php\/home\/idolos\/xamanismo\/","title":{"rendered":"Xamanismo"},"content":{"rendered":"<p><a href=\"http:\/\/portalroberiodeogum.com.br\/wp-content\/uploads\/2012\/08\/xamanismo.jpg\"><img fetchpriority=\"high\" decoding=\"async\" class=\"alignnone size-full wp-image-1629\" title=\"xamanismo\" src=\"http:\/\/portalroberiodeogum.com.br\/wp-content\/uploads\/2012\/08\/xamanismo.jpg\" alt=\"\" width=\"939\" height=\"339\" \/><\/a><\/p>\n<p>O xamanismo \u00e9 um termo genericamente usado em refer\u00eancia a pr\u00e1ticas etnom\u00e9dicas, m\u00e1gicas, religiosas (animista, primitiva) e filos\u00f3ficas (metaf\u00edsica), envolvendo cura, transe, supostas metamorfoses e contato direto entre corpos e esp\u00edritos de outros xam\u00e3s, de seres m\u00edticos, de animais, dos mortos, etc.<br \/>\nA palavra xam\u00e3 vem do russo, tungue saman corresponde \u00e0 pr\u00e1ticas dos povos n\u00e3o budistas das regi\u00f5es asi\u00e1ticas e \u00e1rticas especialmente a Sib\u00e9ria (regi\u00e3o centro norte da \u00c1sia). Apesar, como assinala Mircea Eliade da especificidade dessas pr\u00e1ticas na regi\u00e3o (em especial as t\u00e9cnicas do \u00eaxtase dos tungues, Iacutes, mong\u00f3is, turco-t\u00e1rtaros etc.), n\u00e3o existe, contudo origem hist\u00f3rica ou geogr\u00e1fica para o xamanismo como conhecido hoje, tampouco algum princ\u00edpio unificador . Outros nomes para sua tradu\u00e7\u00e3o seriam feiticeiros, m\u00e9dico-feiticeiros, magos, curandeiros e paj\u00e9s.<br \/>\nAntrop\u00f3logos discutem ainda na defini\u00e7\u00e3o xamanismo a experi\u00eancia biopsicossocial do transe e \u00eaxtase religioso, bem como as implica\u00e7\u00f5es sociais da defini\u00e7\u00e3o do xamanismo como fato social. \u00c9 considerado uma tradi\u00e7\u00e3o equivalente \u00e0 magia enquanto pr\u00e1tica individualizada relacionada aos problemas e t\u00e9cnicas e ci\u00eancia da sobreviv\u00eancia cotidiana (agricultura, ca\u00e7a, medicina, etc.) ou ao fen\u00f4meno religioso, abstrato, coletivo, normatizador.<\/p>\n","protected":false},"excerpt":{"rendered":"<p>O xamanismo \u00e9 um termo genericamente usado em refer\u00eancia a pr\u00e1ticas etnom\u00e9dicas, m\u00e1gicas, religiosas (animista, primitiva) e filos\u00f3ficas (metaf\u00edsica), envolvendo cura, transe, supostas metamorfoses e [&hellip;]<\/p>\n","protected":false},"author":1,"featured_media":0,"parent":8,"menu_order":0,"comment_status":"open","ping_status":"open","template":"template-full-width.php","meta":{"footnotes":""},"_links":{"self":[{"href":"http:\/\/portalroberiodeogum.com.br\/mc_2019\/index.php\/wp-json\/wp\/v2\/pages\/108"}],"collection":[{"href":"http:\/\/portalroberiodeogum.com.br\/mc_2019\/index.php\/wp-json\/wp\/v2\/pages"}],"about":[{"href":"http:\/\/portalroberiodeogum.com.br\/mc_2019\/index.php\/wp-json\/wp\/v2\/types\/page"}],"author":[{"embeddable":true,"href":"http:\/\/portalroberiodeogum.com.br\/mc_2019\/index.php\/wp-json\/wp\/v2\/users\/1"}],"replies":[{"embeddable":true,"href":"http:\/\/portalroberiodeogum.com.br\/mc_2019\/index.php\/wp-json\/wp\/v2\/comments?post=108"}],"version-history":[{"count":4,"href":"http:\/\/portalroberiodeogum.com.br\/mc_2019\/index.php\/wp-json\/wp\/v2\/pages\/108\/revisions"}],"predecessor-version":[{"id":1621,"href":"http:\/\/portalroberiodeogum.com.br\/mc_2019\/index.php\/wp-json\/wp\/v2\/pages\/108\/revisions\/1621"}],"up":[{"embeddable":true,"href":"http:\/\/portalroberiodeogum.com.br\/mc_2019\/index.php\/wp-json\/wp\/v2\/pages\/8"}],"wp:attachment":[{"href":"http:\/\/portalroberiodeogum.com.br\/mc_2019\/index.php\/wp-json\/wp\/v2\/media?parent=108"}],"curies":[{"name":"wp","href":"https:\/\/api.w.org\/{rel}","templated":true}]}}