{"id":106,"date":"2012-08-21T14:55:55","date_gmt":"2012-08-21T14:55:55","guid":{"rendered":"http:\/\/portalroberiodeogum.com.br\/?page_id=106"},"modified":"2012-09-11T17:05:08","modified_gmt":"2012-09-11T17:05:08","slug":"mormorismo","status":"publish","type":"page","link":"http:\/\/portalroberiodeogum.com.br\/mc_2019\/index.php\/home\/idolos\/mormorismo\/","title":{"rendered":"Mormonismo"},"content":{"rendered":"<p><a href=\"http:\/\/portalroberiodeogum.com.br\/wp-content\/uploads\/2012\/08\/mormon.jpg\"><img fetchpriority=\"high\" decoding=\"async\" class=\"alignnone size-full wp-image-1646\" title=\"mormon\" src=\"http:\/\/portalroberiodeogum.com.br\/wp-content\/uploads\/2012\/08\/mormon.jpg\" alt=\"\" width=\"939\" height=\"339\" \/><\/a><\/p>\n<p>Chegou no Brasil em\u00a01923, por meio de imigrantes alem\u00e3es, por\u00e9m o trabalho de proselitismo s\u00f3 se iniciou em 1927, com a chegada de uma dupla de mission\u00e1rios. Esses mission\u00e1rios n\u00e3o falavam o portugu\u00eas muito bem, ent\u00e3o as reuni\u00f5es no in\u00edcio eram dirigidas em alem\u00e3o. A Miss\u00e3o S\u00e3o Paulo Brasil (uma esp\u00e9cie de departamento regional de proselitismo) Foi a primeira criada no pa\u00eds, atualmente s\u00e3o 28. Hoje, existem mais de 1800 capelas m\u00f3rmons em todas as Unidades da Federa\u00e7\u00e3o Brasileira.<\/p>\n<p>Os membros de\u00a0A Igreja de Jesus Cristo dos Santos dos \u00daltimos Dias, tamb\u00e9m conhecidos como m\u00f3rmons, tem aqui no\u00a0Brasil\u00a0o 2\u00b0 maior pa\u00eds com popula\u00e7\u00e3o m\u00f3rmon do mundo,<sup id=\"cite_ref-19\">[20]<\/sup>\u00a0mais de 1 milh\u00e3o de membros atualmente, superado apenas pelos\u00a0Estados Unidos. Em 2000, o censo do IBGE mostrou haver no Brasil somente 200 mil pessoas que se dizem membros desta denomina\u00e7\u00e3o. Entre 2000 e 2006 a Igreja M\u00f3rmon cresceu cerca de 460% no Brasil.<\/p>\n<p>A Igreja M\u00f3rmon no\u00a0Brasil\u00a0\u00e9 presidida pelos \u00c9lderes (t\u00edtulo que significa &#8220;senhor&#8221;,&#8221;Irmao mais velho&#8221;, &#8220;anci\u00e3o&#8221;) Ulisses Soares (Presidente), Stanley G. Ellis (Primeiro Conselheiro) e Carlos A. Godoy (Segundo Conselheiro). At\u00e9 abril de\u00a02007, os m\u00f3rmons eram divididos em duas \u00e1reas geogr\u00e1ficas distintas, a \u00c1rea Brasil Norte (sediada em\u00a0Recife), e a \u00c1rea Brasil Sul (sediada em\u00a0S\u00e3o Paulo).<\/p>\n<p>S\u00f3 no\u00a0Brasil\u00a0os m\u00f3rmons tem cinco templos constru\u00eddos, dedicados e em funcionamento (em\u00a0S\u00e3o Paulo,\u00a0Recife,\u00a0Porto Alegre,\u00a0Campinase\u00a0Curitiba), um em constru\u00e7\u00e3o (em\u00a0Manaus) e um a construir em\u00a0Fortaleza. Pela cren\u00e7a m\u00f3rmon, nesses templo s\u00e3o realizadas ordenan\u00e7as como batismo vic\u00e1rio e selamento de fam\u00edlias, al\u00e9m de ser um lugar de aprendizado e espiritualidade.<\/p>\n<p>Hoje a Igreja vem crescendo muito em Curitiba e Porto Alegre, se espalhando pelo pa\u00eds. Muitos missonarios estrangeiros est\u00e3o vindo para o Brasil a cada mes, pregando o evangelho por toda parte do pa\u00eds, e est\u00e3o obtendo sucesso.<\/p>\n<p>\u00c9 brasileiro o primeiro m\u00f3rmon negro a receber um chamado de Autoridade Geral (autoridade a n\u00edvel mundial), seu nome \u00e9\u00a0Helv\u00e9cio Martins. Hoje h\u00e1 cinco brasileiros servindo como Autoridades Gerais:\u00a0Cl\u00e1udio R. M. Costa,\u00a0Marcos A. Aidukaitis,\u00a0Carlos A. Godoi\u00a0e\u00a0Ulisses Soares\u00a0e\u00a0Jairo Mazzagardi. Durante todos os anos desde a chegada da Igreja M\u00f3rmon ao Brasil, somente um m\u00f3rmon foi eleito ao Congresso Nacional,\u00a0Moroni Torgan, do estado do\u00a0Cear\u00e1.<\/p>\n<p>&nbsp;<\/p>\n","protected":false},"excerpt":{"rendered":"<p>Chegou no Brasil em\u00a01923, por meio de imigrantes alem\u00e3es, por\u00e9m o trabalho de proselitismo s\u00f3 se iniciou em 1927, com a chegada de uma dupla [&hellip;]<\/p>\n","protected":false},"author":1,"featured_media":0,"parent":8,"menu_order":0,"comment_status":"open","ping_status":"open","template":"template-full-width.php","meta":{"footnotes":""},"_links":{"self":[{"href":"http:\/\/portalroberiodeogum.com.br\/mc_2019\/index.php\/wp-json\/wp\/v2\/pages\/106"}],"collection":[{"href":"http:\/\/portalroberiodeogum.com.br\/mc_2019\/index.php\/wp-json\/wp\/v2\/pages"}],"about":[{"href":"http:\/\/portalroberiodeogum.com.br\/mc_2019\/index.php\/wp-json\/wp\/v2\/types\/page"}],"author":[{"embeddable":true,"href":"http:\/\/portalroberiodeogum.com.br\/mc_2019\/index.php\/wp-json\/wp\/v2\/users\/1"}],"replies":[{"embeddable":true,"href":"http:\/\/portalroberiodeogum.com.br\/mc_2019\/index.php\/wp-json\/wp\/v2\/comments?post=106"}],"version-history":[{"count":7,"href":"http:\/\/portalroberiodeogum.com.br\/mc_2019\/index.php\/wp-json\/wp\/v2\/pages\/106\/revisions"}],"predecessor-version":[{"id":1632,"href":"http:\/\/portalroberiodeogum.com.br\/mc_2019\/index.php\/wp-json\/wp\/v2\/pages\/106\/revisions\/1632"}],"up":[{"embeddable":true,"href":"http:\/\/portalroberiodeogum.com.br\/mc_2019\/index.php\/wp-json\/wp\/v2\/pages\/8"}],"wp:attachment":[{"href":"http:\/\/portalroberiodeogum.com.br\/mc_2019\/index.php\/wp-json\/wp\/v2\/media?parent=106"}],"curies":[{"name":"wp","href":"https:\/\/api.w.org\/{rel}","templated":true}]}}