{"id":100,"date":"2012-08-21T14:54:34","date_gmt":"2012-08-21T14:54:34","guid":{"rendered":"http:\/\/portalroberiodeogum.com.br\/?page_id=100"},"modified":"2019-11-29T20:15:40","modified_gmt":"2019-11-29T23:15:40","slug":"noepaganismo","status":"publish","type":"page","link":"http:\/\/portalroberiodeogum.com.br\/mc_2019\/index.php\/home\/idolos\/noepaganismo\/","title":{"rendered":"Neopaganismo"},"content":{"rendered":"<p><a href=\"http:\/\/portalroberiodeogum.com.br\/wp-content\/uploads\/2012\/08\/neopaganismo2.jpg\"><img fetchpriority=\"high\" decoding=\"async\" class=\"alignnone size-full wp-image-1724\" title=\"neopaganismo2\" src=\"http:\/\/portalroberiodeogum.com.br\/wp-content\/uploads\/2012\/08\/neopaganismo2.jpg\" alt=\"\" width=\"939\" height=\"339\"><\/a><\/p>\n<p><strong>Neopaganismo<\/strong>&nbsp;\u00e9 o termo que descreve um grupo de religi\u00f5es contempor\u00e2neas bastante heterog\u00eaneo. Este uso tem sido comum desde o renascimento neopag\u00e3o na d\u00e9cada de 1970, e agora \u00e9 usado por acad\u00eamicos e adeptos tanto para identificar novos movimentos religiosos que enfatizam o pante\u00edsmo e a venera\u00e7\u00e3o da natureza, e\/ou que procuram reviver ou reconstruir os aspectos hist\u00f3ricos do polite\u00edsmo. Cada vez mais, escritores eruditos preferem o termo &#8220;paganismo contempor\u00e2neo&#8221; para cobrir todos os novos movimentos religiosos polite\u00edstas, um uso favorecido pela publica\u00e7\u00e3o The Pomegranate: The International Journal of Pagan Studies.<\/p>\n<p>O termo&nbsp;<em>&#8220;<strong>neopag\u00e3o<\/strong>&#8220;<\/em>&nbsp;proporciona um meio de distinguir entre pag\u00e3os hist\u00f3ricos de culturas polite\u00edstas antigas e\/ou tradicionais e os adeptos de movimentos religiosos modernamente constitu\u00eddos. A categoria das religi\u00f5es conhecidas como &#8220;neopag\u00e3s&#8221; inclui desde abordagens sincr\u00e9ticas ou ecl\u00e9ticas como a Wicca, o Neo-Druidismo, o Dianismo e o Neo-xamanismo a abordagens mais ligadas a tradi\u00e7\u00f5es culturais espec\u00edficas, como as muitas variedades de reconstrucionismo polite\u00edsta (Hel\u00eanico, N\u00f3rdico, etc). Nesse sentido, alguns reconstrucionistas rejeitam o termo &#8220;neopag\u00e3o&#8221;, porque pretendem criar uma abordagem historicamente orientada para al\u00e9m do neopaganismo mais ecl\u00e9tico e geral.<\/p>\n<p>A maior parte das religi\u00f5es&nbsp;<strong>neopag\u00e3s<\/strong>&nbsp;s\u00e3o tentativas de reconstru\u00e7\u00e3o, ressurgimento ou &#8211; mais comumente &#8211; adapta\u00e7\u00e3o de antigas religi\u00f5es pag\u00e3s, principalmente as da antig\u00fcidade pr\u00e9-crist\u00e3 europ\u00e9ia, mas n\u00e3o restritas a estas, sem perder de vista as experi\u00eancias e as necessidades apresentadas pelo mundo contempor\u00e2neo. Alguns&nbsp;<strong>neopag\u00e3os<\/strong>&nbsp;enfatizam sua conex\u00e3o com formas antigas do paganismo, em uma forma de continuidade hist\u00f3rica marginal (\u00e0 margem da religi\u00e3o que se auto-afirmava como \u00fanica verdade no Ocidente, a crist\u00e3).<\/p>\n<p>O neopaganismo \u00e9 um termo referente \u00e0s diversas formas de religiosidade que t\u00eam como lugar comum o encontro com o divino atrav\u00e9s da natureza.<\/p>\n","protected":false},"excerpt":{"rendered":"<p>Neopaganismo&nbsp;\u00e9 o termo que descreve um grupo de religi\u00f5es contempor\u00e2neas bastante heterog\u00eaneo. Este uso tem sido comum desde o renascimento neopag\u00e3o na d\u00e9cada de 1970, [&hellip;]<\/p>\n","protected":false},"author":1,"featured_media":0,"parent":8,"menu_order":0,"comment_status":"open","ping_status":"open","template":"template-full-width.php","meta":{"footnotes":""},"_links":{"self":[{"href":"http:\/\/portalroberiodeogum.com.br\/mc_2019\/index.php\/wp-json\/wp\/v2\/pages\/100"}],"collection":[{"href":"http:\/\/portalroberiodeogum.com.br\/mc_2019\/index.php\/wp-json\/wp\/v2\/pages"}],"about":[{"href":"http:\/\/portalroberiodeogum.com.br\/mc_2019\/index.php\/wp-json\/wp\/v2\/types\/page"}],"author":[{"embeddable":true,"href":"http:\/\/portalroberiodeogum.com.br\/mc_2019\/index.php\/wp-json\/wp\/v2\/users\/1"}],"replies":[{"embeddable":true,"href":"http:\/\/portalroberiodeogum.com.br\/mc_2019\/index.php\/wp-json\/wp\/v2\/comments?post=100"}],"version-history":[{"count":6,"href":"http:\/\/portalroberiodeogum.com.br\/mc_2019\/index.php\/wp-json\/wp\/v2\/pages\/100\/revisions"}],"predecessor-version":[{"id":17758,"href":"http:\/\/portalroberiodeogum.com.br\/mc_2019\/index.php\/wp-json\/wp\/v2\/pages\/100\/revisions\/17758"}],"up":[{"embeddable":true,"href":"http:\/\/portalroberiodeogum.com.br\/mc_2019\/index.php\/wp-json\/wp\/v2\/pages\/8"}],"wp:attachment":[{"href":"http:\/\/portalroberiodeogum.com.br\/mc_2019\/index.php\/wp-json\/wp\/v2\/media?parent=100"}],"curies":[{"name":"wp","href":"https:\/\/api.w.org\/{rel}","templated":true}]}}